{"id":15610,"date":"2023-10-03T12:10:57","date_gmt":"2023-10-03T10:10:57","guid":{"rendered":"https:\/\/cmlamalagueta.com\/?page_id=15610"},"modified":"2025-01-25T12:29:38","modified_gmt":"2025-01-25T11:29:38","slug":"accidentes","status":"publish","type":"page","link":"https:\/\/cmlamalagueta.com\/de\/accidentes\/","title":{"rendered":"Unf\u00e4lle"},"content":{"rendered":"<div data-elementor-type=\"wp-page\" data-elementor-id=\"15610\" class=\"elementor elementor-15610\" data-elementor-post-type=\"page\">\n\t\t\t\t\t\t<section class=\"elementor-section elementor-top-section elementor-element elementor-element-ffb755c elementor-section-content-middle elementor-section-boxed elementor-section-height-default elementor-section-height-default wd-section-disabled\" data-id=\"ffb755c\" data-element_type=\"section\" data-e-type=\"section\">\n\t\t\t\t\t\t<div class=\"elementor-container elementor-column-gap-default\">\n\t\t\t\t\t<div class=\"elementor-column elementor-col-50 elementor-top-column elementor-element elementor-element-1c13066\" data-id=\"1c13066\" data-element_type=\"column\" data-e-type=\"column\">\n\t\t\t<div class=\"elementor-widget-wrap elementor-element-populated\">\n\t\t\t\t\t\t<div class=\"elementor-element elementor-element-04e7d9c color-scheme-inherit text-left elementor-widget elementor-widget-text-editor\" data-id=\"04e7d9c\" data-element_type=\"widget\" data-e-type=\"widget\" data-widget_type=\"text-editor.default\">\n\t\t\t\t<div class=\"elementor-widget-container\">\n\t\t\t\t\t\t\t\t\t<p style=\"font-style: normal; font-variant-caps: normal; font-stretch: normal; font-size: 22px; line-height: normal; font-family: 'Helvetica Neue'; font-size-adjust: none; font-kerning: auto; font-variant-alternates: normal; font-variant-ligatures: normal; font-variant-numeric: normal; font-variant-east-asian: normal; font-variant-position: normal; font-variant-emoji: normal; font-feature-settings: normal; font-optical-sizing: auto; font-variation-settings: normal; color: #0c61ab;\">Unfallbehandlung in M\u00e1laga \u2013 Schnelle und spezialisierte Betreuung<\/p>\t\t\t\t\t\t\t\t<\/div>\n\t\t\t\t<\/div>\n\t\t\t\t<div class=\"elementor-element elementor-element-709e4ae color-scheme-inherit text-left elementor-widget elementor-widget-text-editor\" data-id=\"709e4ae\" data-element_type=\"widget\" data-e-type=\"widget\" data-widget_type=\"text-editor.default\">\n\t\t\t\t<div class=\"elementor-widget-container\">\n\t\t\t\t\t\t\t\t\t<p style=\"margin-bottom: 0px; font-style: normal; font-variant-caps: normal; font-stretch: normal; font-size: 22px; line-height: normal; font-family: 'Helvetica Neue'; font-size-adjust: none; font-kerning: auto; font-variant-alternates: normal; font-variant-ligatures: normal; font-variant-numeric: normal; font-variant-east-asian: normal; font-variant-position: normal; font-variant-emoji: normal; font-feature-settings: normal; font-optical-sizing: auto; font-variation-settings: normal; color: #000000;\">Hatten Sie einen Unfall \u2013 ob bei der Arbeit, im Stra\u00dfenverkehr oder zu Hause? \n\n                    \nIm \u00c4rztezentrum La Malagueta stehen wir Ihnen zur Seite und bieten eine umfassende medizinische Versorgung f\u00fcr eine schnelle und vollst\u00e4ndige Genesung nach einem Unfall.<\/p><p style=\"margin-bottom: 0px; font-style: normal; font-variant-caps: normal; font-stretch: normal; font-size: 22px; line-height: normal; font-family: 'Helvetica Neue'; font-size-adjust: none; font-kerning: auto; font-variant-alternates: normal; font-variant-ligatures: normal; font-variant-numeric: normal; font-variant-east-asian: normal; font-variant-position: normal; font-variant-emoji: normal; font-feature-settings: normal; font-optical-sizing: auto; font-variation-settings: normal; color: #000000; min-height: 27px;\">\u00a0<\/p><p style=\"margin-bottom: 0px; font-style: normal; font-variant-caps: normal; font-stretch: normal; font-size: 22px; line-height: normal; font-family: 'Helvetica Neue'; font-size-adjust: none; font-kerning: auto; font-variant-alternates: normal; font-variant-ligatures: normal; font-variant-numeric: normal; font-variant-east-asian: normal; font-variant-position: normal; font-variant-emoji: normal; font-feature-settings: normal; font-optical-sizing: auto; font-variation-settings: normal; color: #000000;\">Unsere spezialisierte Unfallabteilung verf\u00fcgt \u00fcber ein erfahrenes Team von \u00c4rzten in den Bereichen Traumatologie, Rehabilitation, physikalische Medizin und Physiotherapie, um die bestm\u00f6gliche Behandlung f\u00fcr Ihre Genesung zu gew\u00e4hrleisten.<\/p><p style=\"margin-bottom: 0px; font-style: normal; font-variant-caps: normal; font-stretch: normal; font-size: 22px; line-height: normal; font-family: 'Helvetica Neue'; font-size-adjust: none; font-kerning: auto; font-variant-alternates: normal; font-variant-ligatures: normal; font-variant-numeric: normal; font-variant-east-asian: normal; font-variant-position: normal; font-variant-emoji: normal; font-feature-settings: normal; font-optical-sizing: auto; font-variation-settings: normal; color: #000000; min-height: 27px;\">\u00a0<\/p><p style=\"margin-bottom: 0px; font-style: normal; font-variant-caps: normal; font-stretch: normal; font-size: 22px; line-height: normal; font-family: 'Helvetica Neue'; font-size-adjust: none; font-kerning: auto; font-variant-alternates: normal; font-variant-ligatures: normal; font-variant-numeric: normal; font-variant-east-asian: normal; font-variant-position: normal; font-variant-emoji: normal; font-feature-settings: normal; font-optical-sizing: auto; font-variation-settings: normal; color: #000000;\">Unsere Leistungen bei Unf\u00e4llen:<\/p><p style=\"margin-bottom: 0px; font-style: normal; font-variant-caps: normal; font-stretch: normal; font-size: 22px; line-height: normal; font-family: 'Helvetica Neue'; font-size-adjust: none; font-kerning: auto; font-variant-alternates: normal; font-variant-ligatures: normal; font-variant-numeric: normal; font-variant-east-asian: normal; font-variant-position: normal; font-variant-emoji: normal; font-feature-settings: normal; font-optical-sizing: auto; font-variation-settings: normal; color: #000000;\"><span style=\"font-family: 'Helvetica Neue'; font-size: 22px; font-style: normal; font-variant-caps: normal;\">\u2022<\/span> <span style=\"font-family: 'Helvetica Neue'; font-size: 22px; font-style: normal; font-variant-caps: normal;\">Schnelle Diagnose und individuell angepasste Behandlungspl\u00e4ne.<\/span><\/p><p style=\"margin-bottom: 0px; font-style: normal; font-variant-caps: normal; font-stretch: normal; font-size: 22px; line-height: normal; font-family: 'Helvetica Neue'; font-size-adjust: none; font-kerning: auto; font-variant-alternates: normal; font-variant-ligatures: normal; font-variant-numeric: normal; font-variant-east-asian: normal; font-variant-position: normal; font-variant-emoji: normal; font-feature-settings: normal; font-optical-sizing: auto; font-variation-settings: normal; color: #000000;\">Spezialisierte Betreuung bei Knochen-, Muskel- und Gelenkverletzungen.<\/p><p style=\"margin-bottom: 0px; font-style: normal; font-variant-caps: normal; font-stretch: normal; font-size: 22px; line-height: normal; font-family: 'Helvetica Neue'; font-size-adjust: none; font-kerning: auto; font-variant-alternates: normal; font-variant-ligatures: normal; font-variant-numeric: normal; font-variant-east-asian: normal; font-variant-position: normal; font-variant-emoji: normal; font-feature-settings: normal; font-optical-sizing: auto; font-variation-settings: normal; color: #000000;\">Physiotherapie zur Wiederherstellung der Beweglichkeit<\/p><p style=\"margin-bottom: 0px; font-style: normal; font-variant-caps: normal; font-stretch: normal; font-size: 22px; line-height: normal; font-family: 'Helvetica Neue'; font-size-adjust: none; font-kerning: auto; font-variant-alternates: normal; font-variant-ligatures: normal; font-variant-numeric: normal; font-variant-east-asian: normal; font-variant-position: normal; font-variant-emoji: normal; font-feature-settings: normal; font-optical-sizing: auto; font-variation-settings: normal; color: #000000;\">.<\/p><p style=\"margin-bottom: 0px; font-style: normal; font-variant-caps: normal; font-stretch: normal; font-size: 22px; line-height: normal; font-family: 'Helvetica Neue'; font-size-adjust: none; font-kerning: auto; font-variant-alternates: normal; font-variant-ligatures: normal; font-variant-numeric: normal; font-variant-east-asian: normal; font-variant-position: normal; font-variant-emoji: normal; font-feature-settings: normal; font-optical-sizing: auto; font-variation-settings: normal; color: #000000; min-height: 27px;\">\u00a0<\/p><p style=\"font-style: normal; font-variant-caps: normal; font-stretch: normal; font-size: 22px; line-height: normal; font-family: 'Helvetica Neue'; font-size-adjust: none; font-kerning: auto; font-variant-alternates: normal; font-variant-ligatures: normal; font-variant-numeric: normal; font-variant-east-asian: normal; font-variant-position: normal; font-variant-emoji: normal; font-feature-settings: normal; font-optical-sizing: auto; font-variation-settings: normal; color: #000000; min-height: 27px;\">\u00a0<\/p>\t\t\t\t\t\t\t\t<\/div>\n\t\t\t\t<\/div>\n\t\t\t\t\t<\/div>\n\t\t<\/div>\n\t\t\t\t<div class=\"elementor-column elementor-col-50 elementor-top-column elementor-element elementor-element-c7a452a\" data-id=\"c7a452a\" data-element_type=\"column\" data-e-type=\"column\">\n\t\t\t<div class=\"elementor-widget-wrap elementor-element-populated\">\n\t\t\t\t\t\t<section class=\"elementor-section elementor-inner-section elementor-element elementor-element-0496e18 elementor-section-boxed elementor-section-height-default elementor-section-height-default wd-section-disabled\" data-id=\"0496e18\" data-element_type=\"section\" data-e-type=\"section\">\n\t\t\t\t\t\t<div class=\"elementor-container elementor-column-gap-default\">\n\t\t\t\t\t<div class=\"elementor-column elementor-col-50 elementor-inner-column elementor-element elementor-element-373cd8c\" data-id=\"373cd8c\" data-element_type=\"column\" data-e-type=\"column\">\n\t\t\t<div class=\"elementor-widget-wrap elementor-element-populated\">\n\t\t\t\t\t\t<div class=\"elementor-element elementor-element-14b3737 elementor-widget elementor-widget-image\" data-id=\"14b3737\" data-element_type=\"widget\" data-e-type=\"widget\" data-widget_type=\"image.default\">\n\t\t\t\t<div class=\"elementor-widget-container\">\n\t\t\t\t\t\t\t\t\t\t\t\t\t\t\t<img fetchpriority=\"high\" decoding=\"async\" width=\"800\" height=\"800\" src=\"https:\/\/cmlamalagueta.com\/wp-content\/themes\/woodmart\/images\/lazy.png\" class=\"elementor-animation-bob attachment-large size-large wp-image-15886 wd-lazy-load wd-lazy-fade\" alt=\"Accidentes\" srcset=\"\" sizes=\"(max-width: 800px) 100vw, 800px\" data-wood-src=\"https:\/\/cmlamalagueta.com\/wp-content\/uploads\/2023\/10\/Accidentes-800x800.jpg\" data-srcset=\"https:\/\/cmlamalagueta.com\/wp-content\/uploads\/2023\/10\/Accidentes-800x800.jpg 800w, https:\/\/cmlamalagueta.com\/wp-content\/uploads\/2023\/10\/Accidentes-300x300.jpg 300w, https:\/\/cmlamalagueta.com\/wp-content\/uploads\/2023\/10\/Accidentes-150x150.jpg 150w, https:\/\/cmlamalagueta.com\/wp-content\/uploads\/2023\/10\/Accidentes-768x768.jpg 768w, https:\/\/cmlamalagueta.com\/wp-content\/uploads\/2023\/10\/Accidentes.jpg 1080w\" \/>\t\t\t\t\t\t\t\t\t\t\t\t\t\t\t<\/div>\n\t\t\t\t<\/div>\n\t\t\t\t<div class=\"elementor-element elementor-element-e3a918b elementor-widget elementor-widget-image\" data-id=\"e3a918b\" data-element_type=\"widget\" data-e-type=\"widget\" data-widget_type=\"image.default\">\n\t\t\t\t<div class=\"elementor-widget-container\">\n\t\t\t\t\t\t\t\t\t\t\t\t\t\t\t<img decoding=\"async\" width=\"800\" height=\"800\" src=\"https:\/\/cmlamalagueta.com\/wp-content\/themes\/woodmart\/images\/lazy.png\" class=\"elementor-animation-bob attachment-large size-large wp-image-15889 wd-lazy-load wd-lazy-fade\" alt=\"Accidentes\" srcset=\"\" sizes=\"(max-width: 800px) 100vw, 800px\" data-wood-src=\"https:\/\/cmlamalagueta.com\/wp-content\/uploads\/2023\/10\/Accidentes-3-800x800.jpg\" data-srcset=\"https:\/\/cmlamalagueta.com\/wp-content\/uploads\/2023\/10\/Accidentes-3-800x800.jpg 800w, https:\/\/cmlamalagueta.com\/wp-content\/uploads\/2023\/10\/Accidentes-3-300x300.jpg 300w, https:\/\/cmlamalagueta.com\/wp-content\/uploads\/2023\/10\/Accidentes-3-150x150.jpg 150w, https:\/\/cmlamalagueta.com\/wp-content\/uploads\/2023\/10\/Accidentes-3-768x768.jpg 768w, https:\/\/cmlamalagueta.com\/wp-content\/uploads\/2023\/10\/Accidentes-3.jpg 1080w\" \/>\t\t\t\t\t\t\t\t\t\t\t\t\t\t\t<\/div>\n\t\t\t\t<\/div>\n\t\t\t\t\t<\/div>\n\t\t<\/div>\n\t\t\t\t<div class=\"elementor-column elementor-col-50 elementor-inner-column elementor-element elementor-element-1e5dea5\" data-id=\"1e5dea5\" data-element_type=\"column\" data-e-type=\"column\">\n\t\t\t<div class=\"elementor-widget-wrap elementor-element-populated\">\n\t\t\t\t\t\t<div class=\"elementor-element elementor-element-a0a3cfd elementor-widget elementor-widget-image\" data-id=\"a0a3cfd\" data-element_type=\"widget\" data-e-type=\"widget\" data-widget_type=\"image.default\">\n\t\t\t\t<div class=\"elementor-widget-container\">\n\t\t\t\t\t\t\t\t\t\t\t\t\t\t\t<img decoding=\"async\" width=\"800\" height=\"800\" src=\"https:\/\/cmlamalagueta.com\/wp-content\/themes\/woodmart\/images\/lazy.png\" class=\"elementor-animation-bob attachment-large size-large wp-image-15887 wd-lazy-load wd-lazy-fade\" alt=\"Accidentes\" srcset=\"\" sizes=\"(max-width: 800px) 100vw, 800px\" data-wood-src=\"https:\/\/cmlamalagueta.com\/wp-content\/uploads\/2023\/10\/Accidentes-2-800x800.jpg\" data-srcset=\"https:\/\/cmlamalagueta.com\/wp-content\/uploads\/2023\/10\/Accidentes-2-800x800.jpg 800w, https:\/\/cmlamalagueta.com\/wp-content\/uploads\/2023\/10\/Accidentes-2-300x300.jpg 300w, https:\/\/cmlamalagueta.com\/wp-content\/uploads\/2023\/10\/Accidentes-2-150x150.jpg 150w, https:\/\/cmlamalagueta.com\/wp-content\/uploads\/2023\/10\/Accidentes-2-768x768.jpg 768w, https:\/\/cmlamalagueta.com\/wp-content\/uploads\/2023\/10\/Accidentes-2.jpg 1080w\" \/>\t\t\t\t\t\t\t\t\t\t\t\t\t\t\t<\/div>\n\t\t\t\t<\/div>\n\t\t\t\t<div class=\"elementor-element elementor-element-6441221 elementor-widget elementor-widget-image\" data-id=\"6441221\" data-element_type=\"widget\" data-e-type=\"widget\" data-widget_type=\"image.default\">\n\t\t\t\t<div class=\"elementor-widget-container\">\n\t\t\t\t\t\t\t\t\t\t\t\t\t\t\t<img loading=\"lazy\" decoding=\"async\" width=\"800\" height=\"800\" src=\"https:\/\/cmlamalagueta.com\/wp-content\/themes\/woodmart\/images\/lazy.png\" class=\"elementor-animation-bob attachment-large size-large wp-image-15890 wd-lazy-load wd-lazy-fade\" alt=\"Accidentes\" srcset=\"\" sizes=\"(max-width: 800px) 100vw, 800px\" data-wood-src=\"https:\/\/cmlamalagueta.com\/wp-content\/uploads\/2023\/10\/Accidentes-4-800x800.jpg\" data-srcset=\"https:\/\/cmlamalagueta.com\/wp-content\/uploads\/2023\/10\/Accidentes-4-800x800.jpg 800w, https:\/\/cmlamalagueta.com\/wp-content\/uploads\/2023\/10\/Accidentes-4-300x300.jpg 300w, https:\/\/cmlamalagueta.com\/wp-content\/uploads\/2023\/10\/Accidentes-4-150x150.jpg 150w, https:\/\/cmlamalagueta.com\/wp-content\/uploads\/2023\/10\/Accidentes-4-768x768.jpg 768w, https:\/\/cmlamalagueta.com\/wp-content\/uploads\/2023\/10\/Accidentes-4.jpg 1080w\" \/>\t\t\t\t\t\t\t\t\t\t\t\t\t\t\t<\/div>\n\t\t\t\t<\/div>\n\t\t\t\t\t<\/div>\n\t\t<\/div>\n\t\t\t\t\t<\/div>\n\t\t<\/section>\n\t\t\t\t\t<\/div>\n\t\t<\/div>\n\t\t\t\t\t<\/div>\n\t\t<\/section>\n\t\t\t\t<\/div>","protected":false},"excerpt":{"rendered":"<p>Tratamiento de accidentes en M\u00e1laga \u2013 Atenci\u00f3n r\u00e1pida y especializada \u00bfHa sufrido un accidente, ya sea en el trabajo, en<\/p>","protected":false},"author":1,"featured_media":0,"parent":0,"menu_order":0,"comment_status":"closed","ping_status":"closed","template":"","meta":{"_joinchat":[],"footnotes":""},"class_list":["post-15610","page","type-page","status-publish","hentry"],"_links":{"self":[{"href":"https:\/\/cmlamalagueta.com\/de\/wp-json\/wp\/v2\/pages\/15610","targetHints":{"allow":["GET"]}}],"collection":[{"href":"https:\/\/cmlamalagueta.com\/de\/wp-json\/wp\/v2\/pages"}],"about":[{"href":"https:\/\/cmlamalagueta.com\/de\/wp-json\/wp\/v2\/types\/page"}],"author":[{"embeddable":true,"href":"https:\/\/cmlamalagueta.com\/de\/wp-json\/wp\/v2\/users\/1"}],"replies":[{"embeddable":true,"href":"https:\/\/cmlamalagueta.com\/de\/wp-json\/wp\/v2\/comments?post=15610"}],"version-history":[{"count":28,"href":"https:\/\/cmlamalagueta.com\/de\/wp-json\/wp\/v2\/pages\/15610\/revisions"}],"predecessor-version":[{"id":16526,"href":"https:\/\/cmlamalagueta.com\/de\/wp-json\/wp\/v2\/pages\/15610\/revisions\/16526"}],"wp:attachment":[{"href":"https:\/\/cmlamalagueta.com\/de\/wp-json\/wp\/v2\/media?parent=15610"}],"curies":[{"name":"wp","href":"https:\/\/api.w.org\/{rel}","templated":true}]}}