{"id":15612,"date":"2023-10-03T12:11:15","date_gmt":"2023-10-03T10:11:15","guid":{"rendered":"https:\/\/cmlamalagueta.com\/?page_id=15612"},"modified":"2024-02-01T17:55:42","modified_gmt":"2024-02-01T16:55:42","slug":"trabaja-con-nosotros","status":"publish","type":"page","link":"https:\/\/cmlamalagueta.com\/de\/trabaja-con-nosotros\/","title":{"rendered":"Arbeiten Sie mit Uns"},"content":{"rendered":"<div data-elementor-type=\"wp-page\" data-elementor-id=\"15612\" class=\"elementor elementor-15612\" data-elementor-post-type=\"page\">\n\t\t\t\t\t\t<section class=\"elementor-section elementor-top-section elementor-element elementor-element-4e0acd0 elementor-section-content-middle elementor-reverse-tablet elementor-reverse-mobile elementor-section-boxed elementor-section-height-default elementor-section-height-default wd-section-disabled\" data-id=\"4e0acd0\" data-element_type=\"section\" data-e-type=\"section\">\n\t\t\t\t\t\t<div class=\"elementor-container elementor-column-gap-extended\">\n\t\t\t\t\t<div class=\"elementor-column elementor-col-100 elementor-top-column elementor-element elementor-element-45e2a100\" data-id=\"45e2a100\" data-element_type=\"column\" data-e-type=\"column\">\n\t\t\t<div class=\"elementor-widget-wrap elementor-element-populated\">\n\t\t\t\t\t\t<div class=\"elementor-element elementor-element-12eda26b elementor-widget elementor-widget-wd_title\" data-id=\"12eda26b\" data-element_type=\"widget\" data-e-type=\"widget\" data-widget_type=\"wd_title.default\">\n\t\t\t\t<div class=\"elementor-widget-container\">\n\t\t\t\t\t\t\t\t<link rel=\"stylesheet\" id=\"wd-section-title-css\" href=\"https:\/\/cmlamalagueta.com\/wp-content\/themes\/woodmart\/css\/parts\/el-section-title.min.css?ver=7.3.4\" type=\"text\/css\" media=\"all\" \/> \t\t\t\t\t\t<link rel=\"stylesheet\" id=\"wd-mod-highlighted-text-css\" href=\"https:\/\/cmlamalagueta.com\/wp-content\/themes\/woodmart\/css\/parts\/mod-highlighted-text.min.css?ver=7.3.4\" type=\"text\/css\" media=\"all\" \/> \t\t\t\t\t<div class=\"title-wrapper set-mb-s reset-last-child wd-title-color-default wd-title-style-default wd-title-size-extra-large text-center\">\n\n\t\t\t\n\t\t\t<div class=\"liner-continer\">\n\t\t\t\t<h4 class=\"woodmart-title-container title wd-fontsize-xxxl wd-underline-colored\">Werden Sie Teil unseres Teams Centro M\u00e9dico La Malagueta!<\/h4> \n\t\t\t\t\t\t\t<\/div>\n\n\t\t\t\t\t<\/div>\n\t\t\t\t\t\t<\/div>\n\t\t\t\t<\/div>\n\t\t\t\t<div class=\"elementor-element elementor-element-b3e3153 color-scheme-inherit text-left elementor-widget elementor-widget-text-editor\" data-id=\"b3e3153\" data-element_type=\"widget\" data-e-type=\"widget\" data-widget_type=\"text-editor.default\">\n\t\t\t\t<div class=\"elementor-widget-container\">\n\t\t\t\t\t\t\t\t\t<p>Im \u00c4rztezentrum La Malagueta glauben wir an die Bedeutung einer qualitativ\nhochwertigen medizinischen Versorgung und an die Herzlichkeit, die wir unseren\nPatienten entgegenbringen. Unser Team besteht aus leidenschaftlichen und\nengagierten Fachleuten, die diese Vision teilen und danach streben, das Leben der\nMenschen zu verbessern.<\/p><p>Wenn Sie enthusiastisch und dienstleistungsorientiert sind und sich beruflich\nweiterentwickeln m\u00f6chten, laden wir Sie ein, Teil unserer Familie des \u00c4rztezentrums La Malagueta zu werden. Hier finden Sie ein freundliches und kollegiales\nArbeitsumfeld vor, in dem Ihr Talent und Ihr Engagement gesch\u00e4tzt werden.<\/p><p>Wir legen Wert auf Vielfalt und Integration in unserem Team, da wir der Meinung sind,\ndass die Kombination verschiedener Perspektiven und Erfahrungen unsere F\u00e4higkeit\nbereichert, die beste medizinische Versorgung zu bieten. Dar\u00fcber hinaus f\u00f6rdern wir\nkontinuierliches Lernen und bieten berufliche Entwicklungsm\u00f6glichkeiten, damit Sie\nIhre Ziele erreichen und Ihr Potenzial voll aussch\u00f6pfen k\u00f6nnen.<\/p><p>Die Arbeit im Centro M\u00e9dico La Malagueta erm\u00f6glicht es Ihnen, Teil eines\nmultidisziplin\u00e4ren Teams zu sein, in dem jedes Mitglied eine grundlegende Rolle bei\nder Versorgung unserer Patienten spielt. Gemeinsam arbeiten wir daran, einen\numfassenden und pers\u00f6nlichen Service zu bieten, der die Erwartungen \u00fcbertrifft und\ndenjenigen, die uns als medizinisches Zentrum ihres Vertrauens w\u00e4hlen, eine positive\nErfahrung bietet.<\/p><p>Wenn Sie sich f\u00fcr das Gesundheitswesen begeistern, laden wir Sie ein, die\nM\u00f6glichkeiten zu erkunden, die wir im \u00c4rztezentrum La Malagueta bieten. Kommen\nSie zu uns und werden Sie Teil eines Teams, das sich f\u00fcr das Wohlergehen unserer\nPatienten und die berufliche Entwicklung jedes einzelnen Mitarbeiters einsetzt.\nGemeinsam k\u00f6nnen wir das Leben der Menschen ver\u00e4ndern und zu einer ges\u00fcnderen\nGesellschaft beitragen.<\/p><p>Kommen Sie und werden Sie ein Teil von unserem Team im \u00c4rztezentrum La Malagueta! Gemeinsam k\u00f6nnen wir einen Unterschied machen im Leben der Menschen und tragen zu einer besseren Gesellschaft bei.<\/p>\t\t\t\t\t\t\t\t<\/div>\n\t\t\t\t<\/div>\n\t\t\t\t<div class=\"elementor-element elementor-element-8e79d57 elementor-align-center elementor-widget elementor-widget-button\" data-id=\"8e79d57\" data-element_type=\"widget\" data-e-type=\"widget\" data-widget_type=\"button.default\">\n\t\t\t\t<div class=\"elementor-widget-container\">\n\t\t\t\t\t\t\t\t\t<div class=\"elementor-button-wrapper\">\n\t\t\t\t\t<a class=\"elementor-button elementor-button-link elementor-size-sm\" href=\"https:\/\/cmlamalagueta.com\/de\/contacto\/\">\n\t\t\t\t\t\t<span class=\"elementor-button-content-wrapper\">\n\t\t\t\t\t\t\t\t\t<span class=\"elementor-button-text\">KONTAKT JETZT<\/span>\n\t\t\t\t\t<\/span>\n\t\t\t\t\t<\/a>\n\t\t\t\t<\/div>\n\t\t\t\t\t\t\t\t<\/div>\n\t\t\t\t<\/div>\n\t\t\t\t\t<\/div>\n\t\t<\/div>\n\t\t\t\t\t<\/div>\n\t\t<\/section>\n\t\t\t\t<\/div>","protected":false},"excerpt":{"rendered":"<p>\u00a1\u00danete a nuestro equipo en el Centro M\u00e9dico La Malagueta! En el Centro M\u00e9dico La Malagueta, creemos en la importancia<\/p>","protected":false},"author":1,"featured_media":0,"parent":0,"menu_order":0,"comment_status":"closed","ping_status":"closed","template":"","meta":{"_joinchat":[],"footnotes":""},"class_list":["post-15612","page","type-page","status-publish","hentry"],"_links":{"self":[{"href":"https:\/\/cmlamalagueta.com\/de\/wp-json\/wp\/v2\/pages\/15612","targetHints":{"allow":["GET"]}}],"collection":[{"href":"https:\/\/cmlamalagueta.com\/de\/wp-json\/wp\/v2\/pages"}],"about":[{"href":"https:\/\/cmlamalagueta.com\/de\/wp-json\/wp\/v2\/types\/page"}],"author":[{"embeddable":true,"href":"https:\/\/cmlamalagueta.com\/de\/wp-json\/wp\/v2\/users\/1"}],"replies":[{"embeddable":true,"href":"https:\/\/cmlamalagueta.com\/de\/wp-json\/wp\/v2\/comments?post=15612"}],"version-history":[{"count":14,"href":"https:\/\/cmlamalagueta.com\/de\/wp-json\/wp\/v2\/pages\/15612\/revisions"}],"predecessor-version":[{"id":16407,"href":"https:\/\/cmlamalagueta.com\/de\/wp-json\/wp\/v2\/pages\/15612\/revisions\/16407"}],"wp:attachment":[{"href":"https:\/\/cmlamalagueta.com\/de\/wp-json\/wp\/v2\/media?parent=15612"}],"curies":[{"name":"wp","href":"https:\/\/api.w.org\/{rel}","templated":true}]}}