{"id":15624,"date":"2023-10-03T12:19:25","date_gmt":"2023-10-03T10:19:25","guid":{"rendered":"https:\/\/cmlamalagueta.com\/?page_id=15624"},"modified":"2024-02-01T17:14:20","modified_gmt":"2024-02-01T16:14:20","slug":"terminos-y-condiciones-de-uso","status":"publish","type":"page","link":"https:\/\/cmlamalagueta.com\/de\/terminos-y-condiciones-de-uso\/","title":{"rendered":"Nutzungsbedingungen"},"content":{"rendered":"<div data-elementor-type=\"wp-page\" data-elementor-id=\"15624\" class=\"elementor elementor-15624\" data-elementor-post-type=\"page\">\n\t\t\t\t\t\t<section class=\"elementor-section elementor-top-section elementor-element elementor-element-f068c35 elementor-section-boxed elementor-section-height-default elementor-section-height-default wd-section-disabled\" data-id=\"f068c35\" data-element_type=\"section\" data-e-type=\"section\">\n\t\t\t\t\t\t<div class=\"elementor-container elementor-column-gap-default\">\n\t\t\t\t\t<div class=\"elementor-column elementor-col-100 elementor-top-column elementor-element elementor-element-1a9ab61\" data-id=\"1a9ab61\" data-element_type=\"column\" data-e-type=\"column\">\n\t\t\t<div class=\"elementor-widget-wrap elementor-element-populated\">\n\t\t\t\t\t\t<div class=\"elementor-element elementor-element-94362d0 color-scheme-inherit text-left elementor-widget elementor-widget-text-editor\" data-id=\"94362d0\" data-element_type=\"widget\" data-e-type=\"widget\" data-widget_type=\"text-editor.default\">\n\t\t\t\t<div class=\"elementor-widget-container\">\n\t\t\t\t\t\t\t\t\t<h2>1. Einf\u00fchrung<\/h2><p>Willkommen auf der Webseite: www.cmlamalagueta.com, des Centro M\u00e9dico la Malagueta. Durch den Zugriff und die Nutzung unserer Dienste erkl\u00e4ren Sie sich damit einverstanden, sich an unsere Nutzungsbedingungen zu halten. Bitte besuchen Sie unsere Website nicht sofern Sie nicht mit den Nutzungsbedingungen einverstanden sind.<\/p><h2>2. Angemessene Verwendung<\/h2><p>Mit Besuch unserer Seite stimmen zu, unsere Website auf rechtlichen und ethischen Art und Weise zu nutzen. Unter anderem sind folgende  Punkte zu beachten und zu respektieren.<\/p><ul><li>Illegale Aktivit\u00e4ten durchzuf\u00fchren oder zu f\u00f6rdern.<\/li><li>Eine unzul\u00e4ssige Verwendung oder des Missbrauchs unserer Website.<\/li><li>Verletzung der Rechte am geistigen Eigentum Dritter.<\/li><li>Inhalte zu ver\u00f6ffentlichen, zu diffamieren, zu beleidigen oder auf jeglicher andere Art und Weise zu schaden.<\/li><li>Illegaler Versuch, Zugriff auf eingeschr\u00e4nkte Bereiche ohne Genehmigung<\/li><\/ul><h2>3. Geistiges Eigentum<\/h2><p>Unsere Website und deren Inhalte, einschlie\u00dflich Texte, Grafiken, Logos und Software, sind durch geistige Eigentumsrechte (Copyright) gesch\u00fctzt.  Ohne unsere ausdr\u00fcckliche Zustimmung ist es verboten Inhalte zu reproduzieren oder zu verbreiten ohne unsere ausdr\u00fcckliche Zustimmung.<\/p><h2>4. \u00c4nderungen der Nutzungsbedingungen<\/h2><p>Wir behalten uns das Recht vor zu jeder Zeit diese Nutzungsbedingungen zu aktualisieren oder zu \u00e4ndern. Die \u00c4nderungen treten in Kraft, sobald Sie auf dieser Seite ver\u00f6ffentlicht werden.<\/p><h2>5. Haftungsbeschr\u00e4nkung<\/h2><p>Wir k\u00f6nnen keine Garantie geben f\u00fcr eine st\u00e4ndige Verf\u00fcgbarkeit und einen st\u00f6rungsfreien Zugriff auf unsere Website geben. Wir sind nicht Verantwortlich f\u00fcr irgendwelche Sch\u00e4den, die aufgrund der Nutzung unserer Webseite entstehen k\u00f6nnten wenn Sie sie besuchen.<\/p><h2>6. Anwendbares Recht<\/h2><p>Diese Nutzungsbedingungen unterliegen den Gesetzen von Spanien. S\u00e4mtliche illegale oder\/und nicht genehmigten Aktivit\u00e4ten sind Strafbare Handlungen. Entsprechende rechtliche Schritte behalten wir uns vor.<\/p><h2>7. Kontakt<\/h2><p>Wenn Sie irgendwelche Fragen oder Bedenken bez\u00fcglich dieser Nutzungsbedingungen haben, z\u00f6gern Sie nicht uns  \u00fcber die folgenden Daten zu kontaktieren:<\/p><p><strong>Centro M\u00e9dico, La Malagueta.<\/strong><\/p><p><strong>Adresse:<\/strong> Calle Faro 2, 29016 M\u00e1laga.<\/p><p><strong>Telefon:<\/strong> +34 673 399 123.<\/p><p class=\" translation-block\"><strong>Correo electr\u00f3nico:<\/strong> <a href=\"mailto:admin@cmlamalagueta.com\" target=\"_new\">admin@cmlamalagueta.com<\/a><\/p>\t\t\t\t\t\t\t\t<\/div>\n\t\t\t\t<\/div>\n\t\t\t\t\t<\/div>\n\t\t<\/div>\n\t\t\t\t\t<\/div>\n\t\t<\/section>\n\t\t\t\t<\/div>","protected":false},"excerpt":{"rendered":"<p>1. Introducci\u00f3n Bienvenido a www.cmlamalagueta.com; Centro M\u00e9dico la Malagueta Al acceder y utilizar nuestros servicios, aceptas cumplir y estar sujeto<\/p>","protected":false},"author":1,"featured_media":0,"parent":0,"menu_order":0,"comment_status":"closed","ping_status":"closed","template":"","meta":{"_joinchat":[],"footnotes":""},"class_list":["post-15624","page","type-page","status-publish","hentry"],"_links":{"self":[{"href":"https:\/\/cmlamalagueta.com\/de\/wp-json\/wp\/v2\/pages\/15624","targetHints":{"allow":["GET"]}}],"collection":[{"href":"https:\/\/cmlamalagueta.com\/de\/wp-json\/wp\/v2\/pages"}],"about":[{"href":"https:\/\/cmlamalagueta.com\/de\/wp-json\/wp\/v2\/types\/page"}],"author":[{"embeddable":true,"href":"https:\/\/cmlamalagueta.com\/de\/wp-json\/wp\/v2\/users\/1"}],"replies":[{"embeddable":true,"href":"https:\/\/cmlamalagueta.com\/de\/wp-json\/wp\/v2\/comments?post=15624"}],"version-history":[{"count":13,"href":"https:\/\/cmlamalagueta.com\/de\/wp-json\/wp\/v2\/pages\/15624\/revisions"}],"predecessor-version":[{"id":16368,"href":"https:\/\/cmlamalagueta.com\/de\/wp-json\/wp\/v2\/pages\/15624\/revisions\/16368"}],"wp:attachment":[{"href":"https:\/\/cmlamalagueta.com\/de\/wp-json\/wp\/v2\/media?parent=15624"}],"curies":[{"name":"wp","href":"https:\/\/api.w.org\/{rel}","templated":true}]}}