{"id":15626,"date":"2023-10-03T12:19:42","date_gmt":"2023-10-03T10:19:42","guid":{"rendered":"https:\/\/cmlamalagueta.com\/?page_id=15626"},"modified":"2024-02-01T12:02:35","modified_gmt":"2024-02-01T11:02:35","slug":"politica-de-cookies","status":"publish","type":"page","link":"https:\/\/cmlamalagueta.com\/de\/politica-de-cookies\/","title":{"rendered":"Cookie-Richtlinien"},"content":{"rendered":"<div data-elementor-type=\"wp-page\" data-elementor-id=\"15626\" class=\"elementor elementor-15626\" data-elementor-post-type=\"page\">\n\t\t\t\t\t\t<section class=\"elementor-section elementor-top-section elementor-element elementor-element-2447c18 elementor-section-boxed elementor-section-height-default elementor-section-height-default wd-section-disabled\" data-id=\"2447c18\" data-element_type=\"section\" data-e-type=\"section\">\n\t\t\t\t\t\t<div class=\"elementor-container elementor-column-gap-default\">\n\t\t\t\t\t<div class=\"elementor-column elementor-col-100 elementor-top-column elementor-element elementor-element-718a82f\" data-id=\"718a82f\" data-element_type=\"column\" data-e-type=\"column\">\n\t\t\t<div class=\"elementor-widget-wrap elementor-element-populated\">\n\t\t\t\t\t\t<div class=\"elementor-element elementor-element-42e3fe8 color-scheme-inherit text-left elementor-widget elementor-widget-text-editor\" data-id=\"42e3fe8\" data-element_type=\"widget\" data-e-type=\"widget\" data-widget_type=\"text-editor.default\">\n\t\t\t\t<div class=\"elementor-widget-container\">\n\t\t\t\t\t\t\t\t\t<h2>1. Einf\u00fchrung<\/h2><p>Diese Cookie-Richtlinie beschreibt, wie unsere Webseite Cookies und \u00e4hnliche Technologien, verwendet wenn Sie unsere Website besuchen. Durch die Nutzung unserer Website stimmen Sie der Verwendung von Cookies in \u00dcbereinstimmung mit dieser gesetzlichen Richtlinie zu. Wenn Sie nicht einverstanden sind mit dem Einsatz von Cookies, k\u00f6nnen Sie diese deaktivieren, indem Sie den Anweisungen ihres Browsers folgen.<\/p><h2>2. Was sind Cookies?<\/h2><p>Cookies sind kleine Textdateien, die auf Ihrem Ger\u00e4t gespeichert werden, wenn Sie eine Website besuchen. Sie dienen dazu das eine Webseite ordnungsgem\u00e4\u00df funktioniert. Sowie zur Bereitstellung von Informationen an die Eigent\u00fcmer der Website.<\/p><h2>3. Arten von Verwendeten Cookies<\/h2><h3>3.1. Essential Cookies<\/h3><p>Diese Cookies sind erforderlich f\u00fcr die grundlegenden Funktionsweise unserer Webseite. Wir bieten Dienstleistungen an, die Sie anfordern, sowie das Durchsuchen der Seite als auch den Zugang zu sicheren Bereichen der Website. Ohne diese Cookies w\u00fcrde unsere Website nicht richtig funktionieren.<\/p><h3>3.2. Performance Cookies<\/h3><p>Diese Cookies helfen uns zu verstehen, wie  Besucher unserer Website interaktieren. Es werden Informationen \u00fcber die Seiten die am h\u00e4ufigsten Besucht werden gesammelt und verwendet, um die Fehler, die auftreten k\u00f6nnen zu korregieren. Diese Informationen, dienen ausschliesslich nur zur Verbesserung der Benutzerfreundlichkeit unserer Website.<\/p><h3>3.3. Funktionalit\u00e4ts-Cookies<\/h3><p>Diese Cookies erm\u00f6glichen es unserer Website sich zu an Sie zu erinnern wie z.B Ihren Benutzernamen, Sprache oder Region und welche Seite Sie besucht haben, und um Ihnen personalisierte Vorschl\u00e4ge zu empfehlen. Sie k\u00f6nnen auch verwendet werden, um \nihnen Dienstleistungen vorzuschlagen nach denen  Sie gesucht haben, wie z.B das Anzeigen von Videos oder das kommentieren in einem Blog.<\/p><h3>3.4. Werbe-Cookies<\/h3><p>Diese Cookies werden verwendet, um Ihnen Werbung anzeigen die f\u00fcr Sie relevant ist und Ihren Interessen entsprechen. Sie werden auch verwendet, f\u00fcr die Anzahl der Male, dass Sie Werbung sehen, sowie das Messen der Wirksamkeit einer Werbekampagne. Diese Cookies werden in der Regel platziert durch Drittanbieter-Werbe-Netzwerke.<\/p><h2>4. So Verwalten Sie Cookies<\/h2><p>Sie k\u00f6nnen selbst Cookies auf verschiedenen Arten verwalten und steuern. Bitte beachten Sie, dass die Deaktivierung von Cookies Einfluss auf Ihre Erfahrung auf unserer Website hat. Hier sind einige Optionen:<\/p><ul><li><p><strong>Browser-Einstellungen<\/strong>:  Sie k\u00f6nnen die Einstellungen von Cookies in Ihrem Browser einstellen um diese zu blockieren oder zu l\u00f6schen. Hierzu besuchen Sie den Hilfe-Bereich in Ihrem Browser um Anweisungen zur Enstellung zu erhalten.<\/p><\/li><li><p><strong>Datenschutz-Tools<\/strong>: Hierzu verwenden Sie Tools von Drittanbieter, die die Privatsph\u00e4re, wie <a href=\"http:\/\/www.youronlinechoices.com\/\" target=\"_new\">YourOnlineChoices.<\/a>Zur Verwaltung der Cookies f\u00fcr online-Werbung.<\/p><\/li><\/ul><h2>5. \u00c4nderungen dieser Datenschutzerkl\u00e4rung<\/h2><p>Wir behalten uns das Recht  jederzeit vor diese Cookie-Richtlinie zu aktualisieren oder zu \u00e4ndern . \u00c4nderungen werden wir auf dieser Seite mit dem Datum der letzten Aktualisierung angegeben.<\/p><h2>6. Kontakt<\/h2><p>Wenn Sie Fragen oder Bedenken zu unseren Cookie-Richtlinien, zum  Datenschutzrecht haben, z\u00f6gern Sie nicht zu uns \u00fcber die folgenden Daten zu kontaktieren:<\/p><p><strong>Centro M\u00e9dico, La Malagueta.<\/strong><\/p><p><strong>Adresse:<\/strong> Calle Faro 2, 29016 M\u00e1laga.<\/p><p><strong>Telefon:<\/strong> +34 673 399 123.<\/p><p class=\" translation-block\"><strong>Correo electr\u00f3nico:<\/strong> <a href=\"mailto:admin@cmlamalagueta.com\" target=\"_new\">admin@cmlamalagueta.com<\/a><\/p>\t\t\t\t\t\t\t\t<\/div>\n\t\t\t\t<\/div>\n\t\t\t\t\t<\/div>\n\t\t<\/div>\n\t\t\t\t\t<\/div>\n\t\t<\/section>\n\t\t\t\t<\/div>","protected":false},"excerpt":{"rendered":"<p>1. Introducci\u00f3n Esta Pol\u00edtica de Cookies explica c\u00f3mo www.cmlamalagueta.com &#8211;\u00a0 el Centro M\u00e9dico La Malagueta utiliza cookies y tecnolog\u00edas similares<\/p>","protected":false},"author":1,"featured_media":0,"parent":0,"menu_order":0,"comment_status":"closed","ping_status":"closed","template":"","meta":{"_joinchat":[],"footnotes":""},"class_list":["post-15626","page","type-page","status-publish","hentry"],"_links":{"self":[{"href":"https:\/\/cmlamalagueta.com\/de\/wp-json\/wp\/v2\/pages\/15626","targetHints":{"allow":["GET"]}}],"collection":[{"href":"https:\/\/cmlamalagueta.com\/de\/wp-json\/wp\/v2\/pages"}],"about":[{"href":"https:\/\/cmlamalagueta.com\/de\/wp-json\/wp\/v2\/types\/page"}],"author":[{"embeddable":true,"href":"https:\/\/cmlamalagueta.com\/de\/wp-json\/wp\/v2\/users\/1"}],"replies":[{"embeddable":true,"href":"https:\/\/cmlamalagueta.com\/de\/wp-json\/wp\/v2\/comments?post=15626"}],"version-history":[{"count":16,"href":"https:\/\/cmlamalagueta.com\/de\/wp-json\/wp\/v2\/pages\/15626\/revisions"}],"predecessor-version":[{"id":16359,"href":"https:\/\/cmlamalagueta.com\/de\/wp-json\/wp\/v2\/pages\/15626\/revisions\/16359"}],"wp:attachment":[{"href":"https:\/\/cmlamalagueta.com\/de\/wp-json\/wp\/v2\/media?parent=15626"}],"curies":[{"name":"wp","href":"https:\/\/api.w.org\/{rel}","templated":true}]}}