{"id":15697,"date":"2023-10-03T14:50:29","date_gmt":"2023-10-03T12:50:29","guid":{"rendered":"https:\/\/cmlamalagueta.com\/?page_id=15697"},"modified":"2023-11-25T09:41:19","modified_gmt":"2023-11-25T08:41:19","slug":"unidad-de-trafico","status":"publish","type":"page","link":"https:\/\/cmlamalagueta.com\/de\/unidad-de-trafico\/","title":{"rendered":"Traffic-unit"},"content":{"rendered":"<div data-elementor-type=\"wp-page\" data-elementor-id=\"15697\" class=\"elementor elementor-15697\" data-elementor-post-type=\"page\">\n\t\t\t\t\t\t<section class=\"elementor-section elementor-top-section elementor-element elementor-element-f0c1b94 elementor-section-content-middle elementor-section-stretched elementor-section-boxed elementor-section-height-default elementor-section-height-default wd-section-disabled\" data-id=\"f0c1b94\" data-element_type=\"section\" data-e-type=\"section\" data-settings=\"{&quot;stretch_section&quot;:&quot;section-stretched&quot;}\">\n\t\t\t\t\t\t<div class=\"elementor-container elementor-column-gap-default\">\n\t\t\t\t\t<div class=\"elementor-column elementor-col-50 elementor-top-column elementor-element elementor-element-2b939ed\" data-id=\"2b939ed\" data-element_type=\"column\" data-e-type=\"column\">\n\t\t\t<div class=\"elementor-widget-wrap elementor-element-populated\">\n\t\t\t\t\t\t<div class=\"elementor-element elementor-element-10ada71 color-scheme-inherit text-left elementor-widget elementor-widget-text-editor\" data-id=\"10ada71\" data-element_type=\"widget\" data-e-type=\"widget\" data-widget_type=\"text-editor.default\">\n\t\t\t\t<div class=\"elementor-widget-container\">\n\t\t\t\t\t\t\t\t\t<p>VOR EINEM VERKEHRSUNFALL<\/p>\t\t\t\t\t\t\t\t<\/div>\n\t\t\t\t<\/div>\n\t\t\t\t<div class=\"elementor-element elementor-element-4e8e453 color-scheme-inherit text-left elementor-widget elementor-widget-text-editor\" data-id=\"4e8e453\" data-element_type=\"widget\" data-e-type=\"widget\" data-widget_type=\"text-editor.default\">\n\t\t\t\t<div class=\"elementor-widget-container\">\n\t\t\t\t\t\t\t\t\t<p>Medical Center, La Malagueta Bietet:<\/p>\t\t\t\t\t\t\t\t<\/div>\n\t\t\t\t<\/div>\n\t\t\t\t<div class=\"elementor-element elementor-element-8af446c color-scheme-inherit text-left elementor-widget elementor-widget-text-editor\" data-id=\"8af446c\" data-element_type=\"widget\" data-e-type=\"widget\" data-widget_type=\"text-editor.default\">\n\t\t\t\t<div class=\"elementor-widget-container\">\n\t\t\t\t\t\t\t\t\t<p>Die beste Gesundheit-management f\u00fcr eine vollst\u00e4ndige rehabilitation in der Einheit Verletzte durch Verkehrsunf\u00e4lle, gebildet durch optionale especalistas in der Unfallchirurgie, der rehabilitation, physikalische Medizin, physikalische Therapie, zu einem Verkehrsunfall <strong>SIE ENTSCHEIDEN, WO SIE WOLLEN GEACHTET WERDEN.<\/strong><\/p><p><strong style=\"font-size: 16px; color: var( --e-global-color-secondary ); letter-spacing: var( --e-global-typography-f25d2bc-letter-spacing ); word-spacing: var( --e-global-typography-f25d2bc-word-spacing );\">MEDICAL CENTER<\/strong><span style=\"font-size: 16px; color: var( --e-global-color-secondary ); letter-spacing: var( --e-global-typography-f25d2bc-letter-spacing ); word-spacing: var( --e-global-typography-f25d2bc-word-spacing );\"> Griffe <\/span><strong style=\"font-size: 16px; color: var( --e-global-color-secondary ); letter-spacing: var( --e-global-typography-f25d2bc-letter-spacing ); word-spacing: var( --e-global-typography-f25d2bc-word-spacing );\">ALLE<\/strong><span style=\"font-size: 16px; color: var( --e-global-color-secondary ); letter-spacing: var( --e-global-typography-f25d2bc-letter-spacing ); word-spacing: var( --e-global-typography-f25d2bc-word-spacing );\"> die Bem\u00fchungen und bieten Ihnen eine <\/span><strong style=\"font-size: 16px; color: var( --e-global-color-secondary ); letter-spacing: var( --e-global-typography-f25d2bc-letter-spacing ); word-spacing: var( --e-global-typography-f25d2bc-word-spacing );\">PERSONALISIERTE AUFMERKSAMKEIT<\/strong><span style=\"font-size: 16px; color: var( --e-global-color-secondary ); letter-spacing: var( --e-global-typography-f25d2bc-letter-spacing ); word-spacing: var( --e-global-typography-f25d2bc-word-spacing );\"> wo Sie alle Informationen erhalten.<\/span><\/p><p>\u00a0<\/p><p>Rrealizaremos die notwendigen Vorkehrungen, <strong>KOSTENLOS<\/strong> mit der Versicherung des Patienten, f\u00fcr Ihre Komfort und Ruhe.<\/p>\t\t\t\t\t\t\t\t<\/div>\n\t\t\t\t<\/div>\n\t\t\t\t\t<\/div>\n\t\t<\/div>\n\t\t\t\t<div class=\"elementor-column elementor-col-50 elementor-top-column elementor-element elementor-element-5c39e1f\" data-id=\"5c39e1f\" data-element_type=\"column\" data-e-type=\"column\">\n\t\t\t<div class=\"elementor-widget-wrap elementor-element-populated\">\n\t\t\t\t\t\t<div class=\"elementor-element elementor-element-7e727af elementor-widget elementor-widget-image\" data-id=\"7e727af\" data-element_type=\"widget\" data-e-type=\"widget\" data-widget_type=\"image.default\">\n\t\t\t\t<div class=\"elementor-widget-container\">\n\t\t\t\t\t\t\t\t\t\t\t\t\t\t\t<img fetchpriority=\"high\" decoding=\"async\" width=\"1080\" height=\"1080\" src=\"https:\/\/cmlamalagueta.com\/wp-content\/themes\/woodmart\/images\/lazy.png\" class=\"attachment-full size-full wp-image-15776 wd-lazy-load wd-lazy-fade\" alt=\"Accidentes de Tr\u00e1fico\" srcset=\"\" sizes=\"(max-width: 1080px) 100vw, 1080px\" data-wood-src=\"https:\/\/cmlamalagueta.com\/wp-content\/uploads\/2023\/10\/Accidentes-de-Trafico.jpg\" data-srcset=\"https:\/\/cmlamalagueta.com\/wp-content\/uploads\/2023\/10\/Accidentes-de-Trafico.jpg 1080w, https:\/\/cmlamalagueta.com\/wp-content\/uploads\/2023\/10\/Accidentes-de-Trafico-300x300.jpg 300w, https:\/\/cmlamalagueta.com\/wp-content\/uploads\/2023\/10\/Accidentes-de-Trafico-800x800.jpg 800w, https:\/\/cmlamalagueta.com\/wp-content\/uploads\/2023\/10\/Accidentes-de-Trafico-150x150.jpg 150w, https:\/\/cmlamalagueta.com\/wp-content\/uploads\/2023\/10\/Accidentes-de-Trafico-768x768.jpg 768w\" \/>\t\t\t\t\t\t\t\t\t\t\t\t\t\t\t<\/div>\n\t\t\t\t<\/div>\n\t\t\t\t\t<\/div>\n\t\t<\/div>\n\t\t\t\t\t<\/div>\n\t\t<\/section>\n\t\t\t\t<\/div>","protected":false},"excerpt":{"rendered":"<p>ANTE UN ACCIDENTE DE TR\u00c1FICO Centro M\u00e9dico La Malagueta Ofrece: La mejor gesti\u00f3n sanitaria para una completa rehabilitaci\u00f3n en la<\/p>","protected":false},"author":1,"featured_media":0,"parent":0,"menu_order":0,"comment_status":"closed","ping_status":"closed","template":"","meta":{"_joinchat":[],"footnotes":""},"class_list":["post-15697","page","type-page","status-publish","hentry"],"_links":{"self":[{"href":"https:\/\/cmlamalagueta.com\/de\/wp-json\/wp\/v2\/pages\/15697","targetHints":{"allow":["GET"]}}],"collection":[{"href":"https:\/\/cmlamalagueta.com\/de\/wp-json\/wp\/v2\/pages"}],"about":[{"href":"https:\/\/cmlamalagueta.com\/de\/wp-json\/wp\/v2\/types\/page"}],"author":[{"embeddable":true,"href":"https:\/\/cmlamalagueta.com\/de\/wp-json\/wp\/v2\/users\/1"}],"replies":[{"embeddable":true,"href":"https:\/\/cmlamalagueta.com\/de\/wp-json\/wp\/v2\/comments?post=15697"}],"version-history":[{"count":19,"href":"https:\/\/cmlamalagueta.com\/de\/wp-json\/wp\/v2\/pages\/15697\/revisions"}],"predecessor-version":[{"id":15795,"href":"https:\/\/cmlamalagueta.com\/de\/wp-json\/wp\/v2\/pages\/15697\/revisions\/15795"}],"wp:attachment":[{"href":"https:\/\/cmlamalagueta.com\/de\/wp-json\/wp\/v2\/media?parent=15697"}],"curies":[{"name":"wp","href":"https:\/\/api.w.org\/{rel}","templated":true}]}}