{"id":16126,"date":"2023-11-27T11:01:45","date_gmt":"2023-11-27T10:01:45","guid":{"rendered":"https:\/\/cmlamalagueta.com\/?page_id=16126"},"modified":"2024-02-07T17:38:19","modified_gmt":"2024-02-07T16:38:19","slug":"quienes-somos","status":"publish","type":"page","link":"https:\/\/cmlamalagueta.com\/de\/quienes-somos\/","title":{"rendered":"Wer Wir Sind"},"content":{"rendered":"<div data-elementor-type=\"wp-page\" data-elementor-id=\"16126\" class=\"elementor elementor-16126\" data-elementor-post-type=\"page\">\n\t\t\t\t\t\t<section class=\"elementor-section elementor-top-section elementor-element elementor-element-85df543 elementor-section-boxed elementor-section-height-default elementor-section-height-default wd-section-disabled\" data-id=\"85df543\" data-element_type=\"section\" data-e-type=\"section\">\n\t\t\t\t\t\t<div class=\"elementor-container elementor-column-gap-default\">\n\t\t\t\t\t<div class=\"elementor-column elementor-col-50 elementor-top-column elementor-element elementor-element-559bf94\" data-id=\"559bf94\" data-element_type=\"column\" data-e-type=\"column\">\n\t\t\t<div class=\"elementor-widget-wrap elementor-element-populated\">\n\t\t\t\t\t\t<div class=\"elementor-element elementor-element-6c1a726 elementor-widget elementor-widget-image\" data-id=\"6c1a726\" data-element_type=\"widget\" data-e-type=\"widget\" data-widget_type=\"image.default\">\n\t\t\t\t<div class=\"elementor-widget-container\">\n\t\t\t\t\t\t\t\t\t\t\t\t\t\t\t<img fetchpriority=\"high\" decoding=\"async\" width=\"400\" height=\"300\" src=\"https:\/\/cmlamalagueta.com\/wp-content\/themes\/woodmart\/images\/lazy.png\" class=\"attachment-full size-full wp-image-16075 wd-lazy-load wd-lazy-fade\" alt=\"Karin\" data-wood-src=\"https:\/\/cmlamalagueta.com\/wp-content\/uploads\/2023\/11\/Karin.webp\" srcset=\"\" \/>\t\t\t\t\t\t\t\t\t\t\t\t\t\t\t<\/div>\n\t\t\t\t<\/div>\n\t\t\t\t\t<\/div>\n\t\t<\/div>\n\t\t\t\t<div class=\"elementor-column elementor-col-50 elementor-top-column elementor-element elementor-element-dfa5209\" data-id=\"dfa5209\" data-element_type=\"column\" data-e-type=\"column\">\n\t\t\t<div class=\"elementor-widget-wrap elementor-element-populated\">\n\t\t\t\t\t\t<div class=\"elementor-element elementor-element-22496b0 color-scheme-inherit text-left elementor-widget elementor-widget-text-editor\" data-id=\"22496b0\" data-element_type=\"widget\" data-e-type=\"widget\" data-widget_type=\"text-editor.default\">\n\t\t\t\t<div class=\"elementor-widget-container\">\n\t\t\t\t\t\t\t\t\t<p>Willkommen im Centro M\u00e9dico La Malagueta!<\/p><p>Das \u00c4rztezentrum La Malagueta in der Stadt M\u00e1laga wurde gegr\u00fcndet und geleitet von Karin Roth-Pfitzenmaier und Dr Ekkehard Pfitzenmaier. Wir sind stolz darauf, unseren Patientinnen und Patienten eine breites Spektrum an medizinischen Fach\u00e4rzte mit langj\u00e4hriger Erfahrung f\u00fcr Ihre medizinischen Bed\u00fcrfnisse anbieten zu k\u00f6nnen.<\/p><p>Im deutsch sprechenden \u00c4rztezentrum La Malagueta wissen wir, dass jeder Mensch einzigartig ist und eine\nindividuelle medizinische Betreuung ben\u00f6tigt. Aus diesem Grund verf\u00fcgen wir \u00fcber ein\nTeam von hochqualifizierten Fachleuten aus verschiedenen medizinischen Bereichen,\ndie zusammenarbeiten, um einen umfassenden und multidisziplin\u00e4ren Ansatz zu\nbieten.<\/p><p>Unser Hauptziel ist es, eine qualitativ hochwertige medizinische Dienstleistung zu\nerbringen, die auf das Wohlbefinden und den Komfort unserer Patienten ausgerichtet\nist. Wir sind bestrebt, eine vertrauensvolle und einf\u00fchlsame Beziehung aufzubauen, in\nder sich jeder Patient zugeh\u00f6rt und verstanden f\u00fchlt.<\/p>\t\t\t\t\t\t\t\t<\/div>\n\t\t\t\t<\/div>\n\t\t\t\t\t<\/div>\n\t\t<\/div>\n\t\t\t\t\t<\/div>\n\t\t<\/section>\n\t\t\t\t<section class=\"elementor-section elementor-top-section elementor-element elementor-element-0793ca2 elementor-section-boxed elementor-section-height-default elementor-section-height-default wd-section-disabled\" data-id=\"0793ca2\" data-element_type=\"section\" data-e-type=\"section\">\n\t\t\t\t\t\t<div class=\"elementor-container elementor-column-gap-default\">\n\t\t\t\t\t<div class=\"elementor-column elementor-col-100 elementor-top-column elementor-element elementor-element-fb4ef73\" data-id=\"fb4ef73\" data-element_type=\"column\" data-e-type=\"column\">\n\t\t\t<div class=\"elementor-widget-wrap elementor-element-populated\">\n\t\t\t\t\t\t<div class=\"elementor-element elementor-element-e9f01f3 color-scheme-inherit text-left elementor-widget elementor-widget-text-editor\" data-id=\"e9f01f3\" data-element_type=\"widget\" data-e-type=\"widget\" data-widget_type=\"text-editor.default\">\n\t\t\t\t<div class=\"elementor-widget-container\">\n\t\t\t\t\t\t\t\t\t<p>In unseren Einrichtungen verf\u00fcgen wir \u00fcber hochmoderne Technik und modernste\nmedizinische Ger\u00e4te, die es uns erm\u00f6glichen, genaue Diagnosen zu stellen und\nwirksame Behandlungen anzubieten. Dar\u00fcber hinaus arbeiten wir eng mit anderen\n\u00dcberweisungszentren und Fach\u00e4rzten zusammen, um eine umfassende und\nvollst\u00e4ndige Versorgung zu gew\u00e4hrleisten.<\/p><p>Unsere Fachgebiete reichen von der Allgemeinmedizin und Zahnmedizin bis hin zu\nspezifischeren Fachgebieten wie Psychologie, Physiotherapie, Podologie, Kieferorthop\u00e4die und\nvielem mehr. Was auch immer Sie medizinisch ben\u00f6tigen, wir sind f\u00fcr Sie da!<\/p><p>Im \u00c4rztezentrum La Malagueta sind wir stolz darauf, Teil der Gesundheitsversorgung\nM\u00e1laga\u00b4s zu sein. Wir sind bestrebt, einen professionellen, pers\u00f6nlichen und qualitativ\nhochwertigen Service zu bieten und suchen stets nach der besten L\u00f6sung f\u00fcr jeden\nPatienten.<\/p><p>Wir laden Sie ein, uns kennen zu lernen und uns Ihr Vertrauen zu schenken, damit Sie\nund Ihre Familie sich wohlf\u00fchlen!<\/p>\t\t\t\t\t\t\t\t<\/div>\n\t\t\t\t<\/div>\n\t\t\t\t\t<\/div>\n\t\t<\/div>\n\t\t\t\t\t<\/div>\n\t\t<\/section>\n\t\t\t\t<\/div>","protected":false},"excerpt":{"rendered":"<p>\u00a1Bienvenido al Centro M\u00e9dico La Malagueta! Somos un Centro M\u00e9dico de referencia en la ciudad de M\u00e1laga, fundado y dirigido<\/p>","protected":false},"author":1,"featured_media":0,"parent":0,"menu_order":0,"comment_status":"closed","ping_status":"closed","template":"","meta":{"_joinchat":[],"footnotes":""},"class_list":["post-16126","page","type-page","status-publish","hentry"],"_links":{"self":[{"href":"https:\/\/cmlamalagueta.com\/de\/wp-json\/wp\/v2\/pages\/16126","targetHints":{"allow":["GET"]}}],"collection":[{"href":"https:\/\/cmlamalagueta.com\/de\/wp-json\/wp\/v2\/pages"}],"about":[{"href":"https:\/\/cmlamalagueta.com\/de\/wp-json\/wp\/v2\/types\/page"}],"author":[{"embeddable":true,"href":"https:\/\/cmlamalagueta.com\/de\/wp-json\/wp\/v2\/users\/1"}],"replies":[{"embeddable":true,"href":"https:\/\/cmlamalagueta.com\/de\/wp-json\/wp\/v2\/comments?post=16126"}],"version-history":[{"count":19,"href":"https:\/\/cmlamalagueta.com\/de\/wp-json\/wp\/v2\/pages\/16126\/revisions"}],"predecessor-version":[{"id":16435,"href":"https:\/\/cmlamalagueta.com\/de\/wp-json\/wp\/v2\/pages\/16126\/revisions\/16435"}],"wp:attachment":[{"href":"https:\/\/cmlamalagueta.com\/de\/wp-json\/wp\/v2\/media?parent=16126"}],"curies":[{"name":"wp","href":"https:\/\/api.w.org\/{rel}","templated":true}]}}