{"id":16132,"date":"2023-11-27T11:05:00","date_gmt":"2023-11-27T10:05:00","guid":{"rendered":"https:\/\/cmlamalagueta.com\/?page_id=16132"},"modified":"2025-01-26T12:17:52","modified_gmt":"2025-01-26T11:17:52","slug":"administracion","status":"publish","type":"page","link":"https:\/\/cmlamalagueta.com\/de\/administracion\/","title":{"rendered":"Verwaltung"},"content":{"rendered":"<div data-elementor-type=\"wp-page\" data-elementor-id=\"16132\" class=\"elementor elementor-16132\" data-elementor-post-type=\"page\">\n\t\t\t\t\t\t<section class=\"elementor-section elementor-top-section elementor-element elementor-element-e52367e elementor-section-boxed elementor-section-height-default elementor-section-height-default wd-section-disabled\" data-id=\"e52367e\" data-element_type=\"section\" data-e-type=\"section\">\n\t\t\t\t\t\t<div class=\"elementor-container elementor-column-gap-default\">\n\t\t\t\t\t<div class=\"elementor-column elementor-col-50 elementor-top-column elementor-element elementor-element-1e718fc\" data-id=\"1e718fc\" data-element_type=\"column\" data-e-type=\"column\">\n\t\t\t<div class=\"elementor-widget-wrap elementor-element-populated\">\n\t\t\t\t\t\t<div class=\"elementor-element elementor-element-0892aa5 elementor-widget elementor-widget-image\" data-id=\"0892aa5\" data-element_type=\"widget\" data-e-type=\"widget\" data-widget_type=\"image.default\">\n\t\t\t\t<div class=\"elementor-widget-container\">\n\t\t\t\t\t\t\t\t\t\t\t\t\t\t\t<img fetchpriority=\"high\" decoding=\"async\" width=\"2560\" height=\"1707\" src=\"https:\/\/cmlamalagueta.com\/wp-content\/themes\/woodmart\/images\/lazy.png\" class=\"attachment-full size-full wp-image-16134 wd-lazy-load wd-lazy-fade\" alt=\"Administraci\u00f3n\" srcset=\"\" sizes=\"(max-width: 2560px) 100vw, 2560px\" data-wood-src=\"https:\/\/cmlamalagueta.com\/wp-content\/uploads\/2023\/11\/lisset_administracion-scaled.jpg\" data-srcset=\"https:\/\/cmlamalagueta.com\/wp-content\/uploads\/2023\/11\/lisset_administracion-scaled.jpg 2560w, https:\/\/cmlamalagueta.com\/wp-content\/uploads\/2023\/11\/lisset_administracion-400x267.jpg 400w, https:\/\/cmlamalagueta.com\/wp-content\/uploads\/2023\/11\/lisset_administracion-1200x800.jpg 1200w, https:\/\/cmlamalagueta.com\/wp-content\/uploads\/2023\/11\/lisset_administracion-768x512.jpg 768w, https:\/\/cmlamalagueta.com\/wp-content\/uploads\/2023\/11\/lisset_administracion-1536x1024.jpg 1536w, https:\/\/cmlamalagueta.com\/wp-content\/uploads\/2023\/11\/lisset_administracion-2048x1365.jpg 2048w\" \/>\t\t\t\t\t\t\t\t\t\t\t\t\t\t\t<\/div>\n\t\t\t\t<\/div>\n\t\t\t\t\t<\/div>\n\t\t<\/div>\n\t\t\t\t<div class=\"elementor-column elementor-col-50 elementor-top-column elementor-element elementor-element-3b8351a\" data-id=\"3b8351a\" data-element_type=\"column\" data-e-type=\"column\">\n\t\t\t<div class=\"elementor-widget-wrap elementor-element-populated\">\n\t\t\t\t\t\t<div class=\"elementor-element elementor-element-a69586a color-scheme-inherit text-left elementor-widget elementor-widget-text-editor\" data-id=\"a69586a\" data-element_type=\"widget\" data-e-type=\"widget\" data-widget_type=\"text-editor.default\">\n\t\t\t\t<div class=\"elementor-widget-container\">\n\t\t\t\t\t\t\t\t\t<p>Willkommen in der Verwaltungsabteilung des \u00c4rztezentrum La Malagueta!<\/p><p>Unter der Leitung von Lisset Estrada Hern\u00e1ndez k\u00fcmmert sich unser Verwaltungsbereich um alle wesentlichen Aufgaben, um den effizienten und reibungslosen Betrieb des \u00c4rztezentrum La Malagueta sicherzustellen. Wir haben uns darauf spezialisiert, interne Prozesse zu optimieren, um eine zuverl\u00e4ssige und effiziente Verwaltung zu gew\u00e4hrleisten, die sowohl die Patientenbetreuung als auch die operative Effizienz unserer medizinischen Fachkr\u00e4fte erleichtert. Unsere deutsprachige Verwaltung steht Ihnen mit kompetenter Unterst\u00fctzung bei Versicherungsangelegenheiten zur Seite.<\/p><p class=\"p1\">Im \u00c4rztezentrum La Malagueta ist es unser Ziel, einen \u00fcberlegenen Service durch eine tadellose Verwaltungsf\u00fchrung zu bieten. Wir stehen zur Verf\u00fcgung, um alle administrativen Fragen oder Bed\u00fcrfnisse unserer Patienten und des medizinischen Personals zu l\u00f6sen und garantieren eine reibungslose Erfahrung von der ersten Konsultation bis hin zur Nachsorgebehandlung. Unser Team verpflichtet sich, effiziente und pers\u00f6nliche Unterst\u00fctzung anzubieten, wodurch wir der Hauptansprechpartner f\u00fcr alle administrativen Bed\u00fcrfnisse in unserem medizinischen Zentrum werden.<\/p><p class=\"p1\">\u00a0<\/p>\t\t\t\t\t\t\t\t<\/div>\n\t\t\t\t<\/div>\n\t\t\t\t\t<\/div>\n\t\t<\/div>\n\t\t\t\t\t<\/div>\n\t\t<\/section>\n\t\t\t\t<section class=\"elementor-section elementor-top-section elementor-element elementor-element-a4f5825 elementor-section-boxed elementor-section-height-default elementor-section-height-default wd-section-disabled\" data-id=\"a4f5825\" data-element_type=\"section\" data-e-type=\"section\">\n\t\t\t\t\t\t<div class=\"elementor-container elementor-column-gap-default\">\n\t\t\t\t\t<div class=\"elementor-column elementor-col-100 elementor-top-column elementor-element elementor-element-6bd295a\" data-id=\"6bd295a\" data-element_type=\"column\" data-e-type=\"column\">\n\t\t\t<div class=\"elementor-widget-wrap elementor-element-populated\">\n\t\t\t\t\t\t<div class=\"elementor-element elementor-element-2abaed5 color-scheme-inherit text-left elementor-widget elementor-widget-text-editor\" data-id=\"2abaed5\" data-element_type=\"widget\" data-e-type=\"widget\" data-widget_type=\"text-editor.default\">\n\t\t\t\t<div class=\"elementor-widget-container\">\n\t\t\t\t\t\t\t\t\t<p class=\"p1\">Dieser Ansatz optimiert das Patientenerlebnis und verbessert die interne Effizienz, wobei sichergestellt wird, dass jeder Aspekt unseres Services mit den h\u00f6chsten Qualit\u00e4tsstandards in der medizinischen Betreuung \u00fcbereinstimmt.<\/p><p class=\"p1\">Im Verwaltungsbereich des \u00c4rztezentrum La Malagueta k\u00fcmmern wir uns um eine Vielzahl wichtiger Aufgaben f\u00fcr den effizienten Betrieb der Klinik, einschlie\u00dflich der Terminplanung f\u00fcr medizinische Behandlungen, Abrechnung und Zahlungsabwicklung, Versicherungsmanagement und Kundenbetreuung. Wir arbeiten sorgf\u00e4ltig und organisiert, um alle aktuellen Gesundheitsvorschriften und -standards einzuhalten und sicherzustellen, dass jeder Prozess effizient und konform ausgef\u00fchrt wird. Wir arbeiten mit Sorgfalt und Organisation, um sicherzustellen, dass alles reibungslos funktioniert.<\/p><p class=\"p1\">Wir sind dem st\u00e4ndigen Verbesserungsprozess verpflichtet und bleiben stets auf dem neuesten Stand der administrativen Trends im Gesundheitssektor. Wir setzen fortschrittliche Werkzeuge und Systeme ein, die unsere Abl\u00e4ufe optimieren und es uns erm\u00f6glichen, hochwertige Verwaltungsdienste anzubieten. Unsere offene Haltung gegen\u00fcber Ver\u00e4nderungen motiviert uns, st\u00e4ndig neue Wege zur Verbesserung unserer Prozesse zu finden, mit dem Ziel, sowohl unseren Patienten als auch unserem medizinischen Personal einen au\u00dfergew\u00f6hnlichen Service zu bieten.<\/p><p class=\"p1\">Wenn Sie Unterst\u00fctzung ben\u00f6tigen oder Fragen zu administrativen Angelegenheiten haben, z\u00f6gern Sie nicht, uns zu kontaktieren. Wir sind hier, um auf Ihre Bed\u00fcrfnisse einzugehen, Ihnen zu helfen und Ihnen effektive L\u00f6sungen anzubieten.<\/p><p class=\"p1\">Im Verwaltungsbereich des \u00c4rztezentrum La Malagueta legen wir gro\u00dfen Wert auf Transparenz, Effizienz und Exzellenz in all unseren Verwaltungsdiensten. Sie k\u00f6nnen uns vertrauen, dass wir Ihre Bed\u00fcrfnisse mit Professionalit\u00e4t und Vertraulichkeit behandeln, um ein unvergleichliches Erlebnis f\u00fcr alle unsere Patienten zu gew\u00e4hrleisten.<\/p><p>Wir setzen uns f\u00fcr Ihre Zufriedenheit ein und sind bereit, Ihnen bei allem, was Sie\nbrauchen, zu helfen!<\/p>\t\t\t\t\t\t\t\t<\/div>\n\t\t\t\t<\/div>\n\t\t\t\t\t<\/div>\n\t\t<\/div>\n\t\t\t\t\t<\/div>\n\t\t<\/section>\n\t\t\t\t<\/div>","protected":false},"excerpt":{"rendered":"<p>\u00a1Bienvenido al Departamento de Administraci\u00f3n del Centro M\u00e9dico La Malagueta! Bajo la direcci\u00f3n de Lisset Estrada Hern\u00e1ndez, nuestro departamento administrativo<\/p>","protected":false},"author":1,"featured_media":0,"parent":0,"menu_order":0,"comment_status":"closed","ping_status":"closed","template":"","meta":{"_joinchat":[],"footnotes":""},"class_list":["post-16132","page","type-page","status-publish","hentry"],"_links":{"self":[{"href":"https:\/\/cmlamalagueta.com\/de\/wp-json\/wp\/v2\/pages\/16132","targetHints":{"allow":["GET"]}}],"collection":[{"href":"https:\/\/cmlamalagueta.com\/de\/wp-json\/wp\/v2\/pages"}],"about":[{"href":"https:\/\/cmlamalagueta.com\/de\/wp-json\/wp\/v2\/types\/page"}],"author":[{"embeddable":true,"href":"https:\/\/cmlamalagueta.com\/de\/wp-json\/wp\/v2\/users\/1"}],"replies":[{"embeddable":true,"href":"https:\/\/cmlamalagueta.com\/de\/wp-json\/wp\/v2\/comments?post=16132"}],"version-history":[{"count":16,"href":"https:\/\/cmlamalagueta.com\/de\/wp-json\/wp\/v2\/pages\/16132\/revisions"}],"predecessor-version":[{"id":16583,"href":"https:\/\/cmlamalagueta.com\/de\/wp-json\/wp\/v2\/pages\/16132\/revisions\/16583"}],"wp:attachment":[{"href":"https:\/\/cmlamalagueta.com\/de\/wp-json\/wp\/v2\/media?parent=16132"}],"curies":[{"name":"wp","href":"https:\/\/api.w.org\/{rel}","templated":true}]}}