{"id":16139,"date":"2023-11-27T11:10:41","date_gmt":"2023-11-27T10:10:41","guid":{"rendered":"https:\/\/cmlamalagueta.com\/?page_id=16139"},"modified":"2025-07-15T19:04:37","modified_gmt":"2025-07-15T17:04:37","slug":"laboratorio","status":"publish","type":"page","link":"https:\/\/cmlamalagueta.com\/de\/laboratorio\/","title":{"rendered":"Laboranalysen"},"content":{"rendered":"<div data-elementor-type=\"wp-page\" data-elementor-id=\"16139\" class=\"elementor elementor-16139\" data-elementor-post-type=\"page\">\n\t\t\t\t\t\t<section class=\"elementor-section elementor-top-section elementor-element elementor-element-b8aa90c elementor-section-boxed elementor-section-height-default elementor-section-height-default wd-section-disabled\" data-id=\"b8aa90c\" data-element_type=\"section\" data-e-type=\"section\">\n\t\t\t\t\t\t<div class=\"elementor-container elementor-column-gap-default\">\n\t\t\t\t\t<div class=\"elementor-column elementor-col-100 elementor-top-column elementor-element elementor-element-7e824e4\" data-id=\"7e824e4\" data-element_type=\"column\" data-e-type=\"column\">\n\t\t\t<div class=\"elementor-widget-wrap elementor-element-populated\">\n\t\t\t\t\t\t<div class=\"elementor-element elementor-element-db8b152 elementor-widget elementor-widget-heading\" data-id=\"db8b152\" data-element_type=\"widget\" data-e-type=\"widget\" data-widget_type=\"heading.default\">\n\t\t\t\t<div class=\"elementor-widget-container\">\n\t\t\t\t\t<h2 class=\"elementor-heading-title elementor-size-default\"><p style=\"margin-bottom: 0px;font-style: normal;font-size: 23px;line-height: normal\"><b>Alle g\u00e4ngigen Arten von Laboruntersuchungen.<\/b><b><\/b><\/p><p style=\"margin-bottom: 0px;font-style: normal;font-size: 19px;line-height: normal\">\n<\/p><p style=\"margin-bottom: 0px;font-style: normal;font-size: 21px;line-height: normal\"><span style=\"font-style: normal;font-size: 23px;line-height: normal;font-family: Helvetica\">A<\/span>usserordentlich Schnelle und pr\u00e4zise Laboranalysen im Centro M\u00e9dico La Malagueta<\/p><p style=\"margin-bottom: 0px;font-style: normal;font-size: 21px;line-height: normal\">\n<\/p><p style=\"margin-bottom: 0px;font-style: normal;font-size: 16px;line-height: normal;min-height: 18px\">&nbsp;&nbsp;<\/p><p style=\"margin-bottom: 0px;font-style: normal;font-size: 21px;line-height: normal\">\n<\/p><p style=\"margin-bottom: 0px;font-style: normal;font-size: 19px;line-height: normal\"><br><\/p><p style=\"margin-bottom: 0px;font-style: normal;font-size: 21px;line-height: normal\">F\u00fcr alle Arten von medizinischen Analysen bietet unser Partnerlabor in M\u00e1laga schnelle und zuverl\u00e4ssige Ergebnisse. Dank dieser Zusammenarbeit bieten wir Ihnen einen bevorzugten und effizienten Service, der eine pr\u00e4zise Diagnose und eine rechtzeitige Behandlung garantiert.<\/p><p style=\"margin-bottom: 0px;font-style: normal;font-size: 19px;line-height: normal\"><br><\/p><p style=\"margin-bottom: 0px;font-style: normal;font-size: 21px;line-height: normal\">Bitte beachten Sie, dass Laboranalysen nur von Montag bis Freitag zwischen 09:00 und 12:00 Uhr durchgef\u00fchrt werden.<\/p><p style=\"margin-bottom: 0px;font-style: normal;font-size: 19px;line-height: normal\">\n<\/p><br><br><br><p style=\"margin-bottom: 12px;font-style: normal;font-size: 30px;line-height: normal\"><b>Moderne Labordiagnostik in der Zahnheilkunde: Pr\u00e4zise Analysen f\u00fcr Ihre Mund- und Allgemeingesundheit &nbsp;<\/b><\/p><br><p style=\"margin-bottom: 12px;font-style: normal;font-size: 23px;line-height: normal\">Warum Laboruntersuchungen heutzutage  so wichtig sind&nbsp;<\/p>\n<p style=\"margin-bottom: 12px;font-style: normal;font-size: 23px;line-height: normal\">In unserer zahnmedizinischen Praxis setzen wir auf wissenschaftlich fundierte Diagnostik, die \u00fcber die reine Sichtkontrolle hinausgeht. Moderne Laboranalysen erm\u00f6glichen:&nbsp;<\/p>\n<p style=\"margin-bottom: 0px;font-style: normal;font-size: 23px;line-height: normal;min-height: 28px\"><br><\/p>\n<p style=\"margin-bottom: 12px;font-style: normal;font-size: 23px;line-height: normal\"><span style=\"font-style: normal;font-size: 23px;line-height: normal\">\u2705<\/span> Fr\u00fchzeitige Erkennung von systemischen Erkrankungen mit oralen Symptom<br>\n<span style=\"font-style: normal;font-size: 23px;line-height: normal\">\u2705<\/span> Gezielte Differenzialdiagnostik bei unklaren Entz\u00fcndungen oder Schmerzen<br>\n<span style=\"font-style: normal;font-size: 23px;line-height: normal\">\u2705<\/span> Ma\u00dfgeschneiderte Therapien basierend auf individuellen Biomarkern<br>\n<span style=\"font-style: normal;font-size: 23px;line-height: normal\">\u2705<\/span> Objektive Verlaufskontrollen bei Parodontitis und anderen chronischen Erkrankungen&nbsp; &nbsp;<\/p>\n<p style=\"margin-bottom: 0px;font-style: normal;font-size: 23px;line-height: normal;min-height: 28px\"><br><\/p>\n<p style=\"margin-bottom: 12px;font-style: normal;font-size: 23px;line-height: normal\">Diese Gesundheitsrisiken k\u00f6nnen wir durch zahnmedizinische Labortests identifizieren:&nbsp;<\/p>\n<p style=\"margin-bottom: 0px;font-style: normal;font-size: 23px;line-height: normal;min-height: 28px\"><br><\/p>\n<p style=\"margin-bottom: 12px;font-style: normal;font-size: 23px;line-height: normal\"><span style=\"font-style: normal;font-size: 23px;line-height: normal\">\ud83e\uddb7<\/span> <span style=\"font-style: normal;font-size: 23px;line-height: normal\">Parodontitis-Risiko&nbsp;<\/span> \n<span style=\"font-style: normal;font-size: 23px;line-height: normal\">\ud83e\ude78<\/span> <span style=\"font-style: normal;font-size: 23px;line-height: normal\">Diabetes-Fr\u00fchindikatoren&nbsp;<\/span>\n<span style=\"font-style: normal;font-size: 23px;line-height: normal\">\u2764\ufe0f<\/span> <span style=\"font-style: normal;font-size: 23px;line-height: normal\">Herz-Kreislauf-Risiken&nbsp;<\/span> \n<span style=\"font-style: normal;font-size: 23px;line-height: normal\">\ud83e\uddb4<\/span> <span style=\"font-style: normal;font-size: 23px;line-height: normal\">Osteoporose-Hinweise&nbsp;<\/span> \n<span style=\"font-style: normal;font-size: 23px;line-height: normal\">\u26a1<\/span> <span style=\"font-style: normal;font-size: 23px;line-height: normal\">Autoimmunerkrankungen&nbsp;<\/span>  &nbsp;<\/p>\n<p style=\"margin-bottom: 0px;font-style: normal;font-size: 23px;line-height: normal;min-height: 28px\"><br><\/p>\n<p style=\"margin-bottom: 12px;font-style: normal;font-size: 23px;line-height: normal\">Unser Experte Dr.med.dent Ekkehard Pfitzenmaier&nbsp;<\/p>\n<p style=\"margin-bottom: 12px;font-style: normal;font-size: 23px;line-height: normal\"><span style=\"font-style: normal;font-size: 23px;line-height: normal\">Dr. Pfitzenmaier besch\u00e4ftigt sich bereits seit seinem Studium an der Ruprecht-Karls-Universit\u00e4t Heidelberg mit der Verbindung von Labormedizin und Zahnheilkunde <\/span><span style=\"font-style: normal;font-size: 23px;line-height: normal\"><br>\n<\/span><span style=\"font-style: normal;font-size: 23px;line-height: normal\">\ud83d\udca1<\/span><span style=\"font-style: normal;font-size: 23px;line-height: normal\"> <\/span>Die Anwendung aktueller wissenschaftlichen Fortschritte in der Immunologie und Mikrobiom-Analyse  in der klinischen Praxis <span style=\"font-style: normal;font-size: 23px;line-height: normal\">&nbsp; &nbsp;<\/span><\/p>\n<p style=\"margin-bottom: 12px;font-style: normal;font-size: 23px;line-height: normal\"><span style=\"font-style: normal;font-size: 23px;line-height: normal\">\ud83e\uddec<\/span> Was kann ein Labortest in der Zahnmedizin f\u00fcr Ihre Gesundheit tun?&nbsp;<\/p>\n<p style=\"margin-bottom: 12px;font-style: normal;font-size: 23px;line-height: normal\">Die Mundh\u00f6hle ist oft der erste Hinweisgeber f\u00fcr Erkrankungen im K\u00f6rper. Mit modernen Labortests in der Zahnmedizin lassen sich wichtige Zusammenh\u00e4nge zwischen Ihrer Zahngesundheit und Ihrem allgemeinen Wohlbefinden fr\u00fchzeitig erkennen.&nbsp;<\/p><ul><li style=\"margin-bottom: 12px;font-style: normal;font-size: 23px;line-height: normal\"><span style=\"font-style: normal;font-size: 23px;line-height: normal\">Parodontitis und Herzinfarktrisiko \u2013 ein gef\u00e4hrlicher Zusammenhang. <\/span><span style=\"background-color: #ffffff\">Eine unbehandelte Parodontitis steht in engem Zusammenhang mit einem erh\u00f6hten Risiko f\u00fcr Herzinfarkte oder Schlaganf\u00e4lle. &nbsp;<\/span><\/li><li style=\"margin-bottom: 12px;font-style: normal;font-size: 23px;line-height: normal\"><span style=\"font-style: normal;font-size: 23px;line-height: normal\">Diabetes Typ 2. <\/span><span style=\"background-color: #ffffff\">Ver\u00e4nderungen im Speichel erste Anzeichen einer Stoffwechselerkrankung sein \u2013 manchmal sogar noch vor typischen Symptomen wie Durstgef\u00fchl oder M\u00fcdigkeit. &nbsp;<\/span><\/li><li style=\"margin-bottom: 12px;font-style: normal;font-size: 23px;line-height: normal\"><span style=\"font-style: normal;font-size: 23px;line-height: normal\">Ungleichgewicht im Mund \u2013 Mikrobiom-Analyse kl\u00e4rt auf. <\/span><span style=\"background-color: #ffffff\">Im Mund leben Tausende von Bakterien \u2013 viele davon sind n\u00fctzlich, einige aber auch sch\u00e4dlich. Ein gest\u00f6rtes Gleichgewicht (Dysbiose) kann Entz\u00fcndungen verursachen und langfristig den Zahnverlust beg\u00fcnstigen.<\/span><\/li>\n<\/ul>\n<p style=\"margin-bottom: 12px;font-style: normal;font-size: 16px;line-height: normal\"><span style=\"font-size: 16px;font-style: normal;text-transform: var(--wd-title-transform)\">&nbsp;<\/span><br><\/p>\n\n<p style=\"margin-bottom: 0px;font-style: normal;font-size: 18px;line-height: normal\">\n<\/p>\n\n\n<\/h2>\t\t\t\t<\/div>\n\t\t\t\t<\/div>\n\t\t\t\t<div class=\"elementor-element elementor-element-1fa55f1 elementor-widget elementor-widget-wd_text_block\" data-id=\"1fa55f1\" data-element_type=\"widget\" data-e-type=\"widget\" data-widget_type=\"wd_text_block.default\">\n\t\t\t\t<div class=\"elementor-widget-container\">\n\t\t\t\t\t\t\t\t<link rel=\"stylesheet\" id=\"wd-text-block-css\" href=\"https:\/\/cmlamalagueta.com\/wp-content\/themes\/woodmart\/css\/parts\/el-text-block.min.css?ver=7.3.4\" type=\"text\/css\" media=\"all\" \/> \t\t\t\t\t<div class=\"wd-text-block reset-last-child text-left\">\n\t\t\t\n\t\t\t\n\t\t\t\t\t<\/div>\n\t\t\t\t\t\t<\/div>\n\t\t\t\t<\/div>\n\t\t\t\t\t<\/div>\n\t\t<\/div>\n\t\t\t\t\t<\/div>\n\t\t<\/section>\n\t\t\t\t<section class=\"elementor-section elementor-top-section elementor-element elementor-element-455c190 elementor-section-boxed elementor-section-height-default elementor-section-height-default wd-section-disabled\" data-id=\"455c190\" data-element_type=\"section\" data-e-type=\"section\">\n\t\t\t\t\t\t<div class=\"elementor-container elementor-column-gap-default\">\n\t\t\t\t\t<div class=\"elementor-column elementor-col-100 elementor-top-column elementor-element elementor-element-4c0a67f\" data-id=\"4c0a67f\" data-element_type=\"column\" data-e-type=\"column\">\n\t\t\t<div class=\"elementor-widget-wrap elementor-element-populated\">\n\t\t\t\t\t\t<div class=\"elementor-element elementor-element-ed1ff39 elementor-widget__width-initial elementor-widget elementor-widget-wd_images_gallery\" data-id=\"ed1ff39\" data-element_type=\"widget\" data-e-type=\"widget\" data-widget_type=\"wd_images_gallery.default\">\n\t\t\t\t<div class=\"elementor-widget-container\">\n\t\t\t\t\t\t\t\t<link rel=\"stylesheet\" id=\"wd-photoswipe-css\" href=\"https:\/\/cmlamalagueta.com\/wp-content\/themes\/woodmart\/css\/parts\/lib-photoswipe.min.css?ver=7.3.4\" type=\"text\/css\" media=\"all\" \/> \t\t\t\t\t\t<link rel=\"stylesheet\" id=\"wd-image-gallery-css\" href=\"https:\/\/cmlamalagueta.com\/wp-content\/themes\/woodmart\/css\/parts\/el-gallery.min.css?ver=7.3.4\" type=\"text\/css\" media=\"all\" \/> \t\t\t\t\t<div class=\"wd-images-gallery wd-justify-center wd-items-middle view-grid photoswipe-images\" >\n\t\t\t<div class=\"gallery-images row wd-spacing-0\">\n\t\t\t\t\t\t\t\t\t\t\t\t\t\t<div class=\"wd-gallery-item  col-lg-4 col-md-4 col-12\">\n\t\t\t\t\t\t\t\t\t\t\t\t\t<a  href=\"https:\/\/cmlamalagueta.com\/wp-content\/uploads\/2025\/07\/3b88e9c2-8b83-4512-bba9-82b312bac448.png\"data-width=\"1024\" data-height=\"1024\" data-index=\"1\" data-elementor-open-lightbox=\"no\">\n\t\t\t\t\t\t\n\t\t\t\t\t\t<img decoding=\"async\" class=\"wd-lazy-load wd-lazy-fade\" src=\"https:\/\/cmlamalagueta.com\/wp-content\/themes\/woodmart\/images\/lazy.png\" data-wood-src=\"https:\/\/cmlamalagueta.com\/wp-content\/uploads\/2025\/07\/3b88e9c2-8b83-4512-bba9-82b312bac448-800x800.png\"alt=\"3b88e9c2-8b83-4512-bba9-82b312bac448\">\n\t\t\t\t\t\t\t\t\t\t\t\t\t<\/a>\n\t\t\t\t\t\t\t\t\t\t\t<\/div>\n\t\t\t\t\t\t\t\t<\/div>\n\t\t<\/div>\n\t\t\t\t\t\t<\/div>\n\t\t\t\t<\/div>\n\t\t\t\t\t<\/div>\n\t\t<\/div>\n\t\t\t\t\t<\/div>\n\t\t<\/section>\n\t\t\t\t<\/div>","protected":false},"excerpt":{"rendered":"<p>Para nuestras Anal\u00edticas Generales An\u00e1lisis de Laboratorio R\u00e1pidos y Precisos en el Centro M\u00e9dico La Malagueta &nbsp;&nbsp; Para todo tipo<\/p>","protected":false},"author":1,"featured_media":0,"parent":0,"menu_order":0,"comment_status":"closed","ping_status":"closed","template":"","meta":{"_joinchat":[],"footnotes":""},"class_list":["post-16139","page","type-page","status-publish","hentry"],"_links":{"self":[{"href":"https:\/\/cmlamalagueta.com\/de\/wp-json\/wp\/v2\/pages\/16139","targetHints":{"allow":["GET"]}}],"collection":[{"href":"https:\/\/cmlamalagueta.com\/de\/wp-json\/wp\/v2\/pages"}],"about":[{"href":"https:\/\/cmlamalagueta.com\/de\/wp-json\/wp\/v2\/types\/page"}],"author":[{"embeddable":true,"href":"https:\/\/cmlamalagueta.com\/de\/wp-json\/wp\/v2\/users\/1"}],"replies":[{"embeddable":true,"href":"https:\/\/cmlamalagueta.com\/de\/wp-json\/wp\/v2\/comments?post=16139"}],"version-history":[{"count":49,"href":"https:\/\/cmlamalagueta.com\/de\/wp-json\/wp\/v2\/pages\/16139\/revisions"}],"predecessor-version":[{"id":16782,"href":"https:\/\/cmlamalagueta.com\/de\/wp-json\/wp\/v2\/pages\/16139\/revisions\/16782"}],"wp:attachment":[{"href":"https:\/\/cmlamalagueta.com\/de\/wp-json\/wp\/v2\/media?parent=16139"}],"curies":[{"name":"wp","href":"https:\/\/api.w.org\/{rel}","templated":true}]}}