{"id":16148,"date":"2023-11-27T11:14:10","date_gmt":"2023-11-27T10:14:10","guid":{"rendered":"https:\/\/cmlamalagueta.com\/?page_id=16148"},"modified":"2025-07-06T11:46:42","modified_gmt":"2025-07-06T09:46:42","slug":"faqs","status":"publish","type":"page","link":"https:\/\/cmlamalagueta.com\/de\/faqs\/","title":{"rendered":"FAQs"},"content":{"rendered":"<div data-elementor-type=\"wp-page\" data-elementor-id=\"16148\" class=\"elementor elementor-16148\" data-elementor-post-type=\"page\">\n\t\t\t\t\t\t<section class=\"elementor-section elementor-top-section elementor-element elementor-element-c1c0e50 elementor-section-boxed elementor-section-height-default elementor-section-height-default wd-section-disabled\" data-id=\"c1c0e50\" data-element_type=\"section\" data-e-type=\"section\">\n\t\t\t\t\t\t<div class=\"elementor-container elementor-column-gap-default\">\n\t\t\t\t\t<div class=\"elementor-column elementor-col-100 elementor-top-column elementor-element elementor-element-b294255\" data-id=\"b294255\" data-element_type=\"column\" data-e-type=\"column\">\n\t\t\t<div class=\"elementor-widget-wrap elementor-element-populated\">\n\t\t\t\t\t\t<div class=\"elementor-element elementor-element-aa833fc elementor-widget elementor-widget-heading\" data-id=\"aa833fc\" data-element_type=\"widget\" data-e-type=\"widget\" data-widget_type=\"heading.default\">\n\t\t\t\t<div class=\"elementor-widget-container\">\n\t\t\t\t\t<h2 class=\"elementor-heading-title elementor-size-default\">H\u00e4ufig Gestellte Fragen<\/h2>\t\t\t\t<\/div>\n\t\t\t\t<\/div>\n\t\t\t\t<div class=\"elementor-element elementor-element-40ee0bc wd-accordion-theme-style elementor-widget elementor-widget-accordion\" data-id=\"40ee0bc\" data-element_type=\"widget\" data-e-type=\"widget\" data-widget_type=\"accordion.default\">\n\t\t\t\t<div class=\"elementor-widget-container\">\n\t\t\t\t\t\t\t<div class=\"elementor-accordion\">\n\t\t\t\t\t\t\t<div class=\"elementor-accordion-item\">\n\t\t\t\t\t<div id=\"elementor-tab-title-6801\" class=\"elementor-tab-title\" data-tab=\"1\" role=\"button\" aria-controls=\"elementor-tab-content-6801\" aria-expanded=\"false\">\n\t\t\t\t\t\t\t\t\t\t\t\t\t<span class=\"elementor-accordion-icon elementor-accordion-icon-left\" aria-hidden=\"true\">\n\t\t\t\t\t\t\t\t\t\t\t\t\t\t\t<span class=\"elementor-accordion-icon-closed\"><i class=\"fas fa-plus\"><\/i><\/span>\n\t\t\t\t\t\t\t\t<span class=\"elementor-accordion-icon-opened\"><i class=\"fas fa-minus\"><\/i><\/span>\n\t\t\t\t\t\t\t\t\t\t\t\t\t\t<\/span>\n\t\t\t\t\t\t\t\t\t\t\t\t<a class=\"elementor-accordion-title\" tabindex=\"0\">Anfahrtsbeschreibung<\/a>\n\t\t\t\t\t<\/div>\n\t\t\t\t\t<div id=\"elementor-tab-content-6801\" class=\"elementor-tab-content elementor-clearfix\" data-tab=\"1\" role=\"region\" aria-labelledby=\"elementor-tab-title-6801\"><p style=\"margin-bottom: 20px; text-align: justify; font-style: normal; font-variant-caps: normal; font-stretch: normal; font-size: 18px; line-height: normal; font-family: Helvetica; font-size-adjust: none; font-kerning: auto; font-variant-alternates: normal; font-variant-ligatures: normal; font-variant-numeric: normal; font-variant-east-asian: normal; font-variant-position: normal; font-variant-emoji: normal; font-feature-settings: normal; font-optical-sizing: auto; font-variation-settings: normal; color: rgb(51, 55, 59); background-color: rgb(245, 245, 245);\">Das \u00c4rztezentrum La Malagueta \u2013 Standort und Parkm\u00f6glichkeiten\nDas  \u00c4rztezentrum La Malagueta, gelegen im Stadtteil La Malagueta in der Calle Faro Nr. 2, ist bequem mit dem Auto, Bus oder zu Fu\u00df erreichbar. F\u00fcr Besucher mit dem eigenen Fahrzeug gibt es zwei gro\u00dfe \u00f6ffentliche Parkh\u00e4user in M\u00e1laga: das Parkhaus Muelle Uno am Hafen von M\u00e1laga und das Parkhaus Cervantes, in der N\u00e4he der Stierkampfarena La Malagueta, beide nur 5 Gehminuten von unserer Klinik entfernt. Zudem gibt es in der Umgebung der Praxis blaue Parkzonen, die sich ideal f\u00fcr kurze Aufenthalte eignen.<\/p><div><br><\/div>\n<div>&nbsp;<\/div><\/div>\n\t\t\t\t<\/div>\n\t\t\t\t\t\t\t<div class=\"elementor-accordion-item\">\n\t\t\t\t\t<div id=\"elementor-tab-title-6802\" class=\"elementor-tab-title\" data-tab=\"2\" role=\"button\" aria-controls=\"elementor-tab-content-6802\" aria-expanded=\"false\">\n\t\t\t\t\t\t\t\t\t\t\t\t\t<span class=\"elementor-accordion-icon elementor-accordion-icon-left\" aria-hidden=\"true\">\n\t\t\t\t\t\t\t\t\t\t\t\t\t\t\t<span class=\"elementor-accordion-icon-closed\"><i class=\"fas fa-plus\"><\/i><\/span>\n\t\t\t\t\t\t\t\t<span class=\"elementor-accordion-icon-opened\"><i class=\"fas fa-minus\"><\/i><\/span>\n\t\t\t\t\t\t\t\t\t\t\t\t\t\t<\/span>\n\t\t\t\t\t\t\t\t\t\t\t\t<a class=\"elementor-accordion-title\" tabindex=\"0\">Wir helfen Ihnen, Ihre Angst vor dem Zahnarzt\/Arzt zu bek\u00e4mpfen.<\/a>\n\t\t\t\t\t<\/div>\n\t\t\t\t\t<div id=\"elementor-tab-content-6802\" class=\"elementor-tab-content elementor-clearfix\" data-tab=\"2\" role=\"region\" aria-labelledby=\"elementor-tab-title-6802\"><p class=\" translation-block\">Geh\u00f6ren Sie zur Gruppe der Patienten die Angst vor \u00c4rzten haben?\nHeutzutage gibt es viele M\u00f6glichkeiten, unseren \u00c4ngsten zu begegnen. Unser Team\nkann Ihnen dabei helfen. Durch Entspannungs\u00fcbungen, Beruhigungsmittel und medizinische\nHypnose \u2013 all das sind M\u00f6glichkeiten, um das Vertrauen zum Arzt\/Zahnarzt zu\ngewinnen und neuen Mut zu fassen f\u00fcr einen Besuch.<\/p><p>\u00a0<\/p><\/div>\n\t\t\t\t<\/div>\n\t\t\t\t\t\t\t<div class=\"elementor-accordion-item\">\n\t\t\t\t\t<div id=\"elementor-tab-title-6803\" class=\"elementor-tab-title\" data-tab=\"3\" role=\"button\" aria-controls=\"elementor-tab-content-6803\" aria-expanded=\"false\">\n\t\t\t\t\t\t\t\t\t\t\t\t\t<span class=\"elementor-accordion-icon elementor-accordion-icon-left\" aria-hidden=\"true\">\n\t\t\t\t\t\t\t\t\t\t\t\t\t\t\t<span class=\"elementor-accordion-icon-closed\"><i class=\"fas fa-plus\"><\/i><\/span>\n\t\t\t\t\t\t\t\t<span class=\"elementor-accordion-icon-opened\"><i class=\"fas fa-minus\"><\/i><\/span>\n\t\t\t\t\t\t\t\t\t\t\t\t\t\t<\/span>\n\t\t\t\t\t\t\t\t\t\t\t\t<a class=\"elementor-accordion-title\" tabindex=\"0\">Bekomme ich meine Rechnung u\/o Kostenvoranschlag auch auf Deutsch?<\/a>\n\t\t\t\t\t<\/div>\n\t\t\t\t\t<div id=\"elementor-tab-content-6803\" class=\"elementor-tab-content elementor-clearfix\" data-tab=\"3\" role=\"region\" aria-labelledby=\"elementor-tab-title-6803\"><div>Selbstverst\u00e4ndlich stellen wir Ihnen Ihre Rechnungen oder Kostenvoranschl\u00e4ge auch auf Deutsch aus.<\/div><\/div>\n\t\t\t\t<\/div>\n\t\t\t\t\t\t\t<div class=\"elementor-accordion-item\">\n\t\t\t\t\t<div id=\"elementor-tab-title-6804\" class=\"elementor-tab-title\" data-tab=\"4\" role=\"button\" aria-controls=\"elementor-tab-content-6804\" aria-expanded=\"false\">\n\t\t\t\t\t\t\t\t\t\t\t\t\t<span class=\"elementor-accordion-icon elementor-accordion-icon-left\" aria-hidden=\"true\">\n\t\t\t\t\t\t\t\t\t\t\t\t\t\t\t<span class=\"elementor-accordion-icon-closed\"><i class=\"fas fa-plus\"><\/i><\/span>\n\t\t\t\t\t\t\t\t<span class=\"elementor-accordion-icon-opened\"><i class=\"fas fa-minus\"><\/i><\/span>\n\t\t\t\t\t\t\t\t\t\t\t\t\t\t<\/span>\n\t\t\t\t\t\t\t\t\t\t\t\t<a class=\"elementor-accordion-title\" tabindex=\"0\">In welcher Sprache kann ich mich an das \u00c4rztezentrum La Malagueta wenden?<\/a>\n\t\t\t\t\t<\/div>\n\t\t\t\t\t<div id=\"elementor-tab-content-6804\" class=\"elementor-tab-content elementor-clearfix\" data-tab=\"4\" role=\"region\" aria-labelledby=\"elementor-tab-title-6804\"><p>Unser internationales Arzt Team spricht Deutsch, Spanisch und Englisch<\/p><\/div>\n\t\t\t\t<\/div>\n\t\t\t\t\t\t\t<div class=\"elementor-accordion-item\">\n\t\t\t\t\t<div id=\"elementor-tab-title-6805\" class=\"elementor-tab-title\" data-tab=\"5\" role=\"button\" aria-controls=\"elementor-tab-content-6805\" aria-expanded=\"false\">\n\t\t\t\t\t\t\t\t\t\t\t\t\t<span class=\"elementor-accordion-icon elementor-accordion-icon-left\" aria-hidden=\"true\">\n\t\t\t\t\t\t\t\t\t\t\t\t\t\t\t<span class=\"elementor-accordion-icon-closed\"><i class=\"fas fa-plus\"><\/i><\/span>\n\t\t\t\t\t\t\t\t<span class=\"elementor-accordion-icon-opened\"><i class=\"fas fa-minus\"><\/i><\/span>\n\t\t\t\t\t\t\t\t\t\t\t\t\t\t<\/span>\n\t\t\t\t\t\t\t\t\t\t\t\t<a class=\"elementor-accordion-title\" tabindex=\"0\">K\u00f6nnen Sie mir helfen, wenn ich von au\u00dferhalb Spaniens komme?<\/a>\n\t\t\t\t\t<\/div>\n\t\t\t\t\t<div id=\"elementor-tab-content-6805\" class=\"elementor-tab-content elementor-clearfix\" data-tab=\"5\" role=\"region\" aria-labelledby=\"elementor-tab-title-6805\"><p>Wenn Sie w\u00e4hrend Ihres Aufenthalts ein Auto oder eine Wohnung mieten m\u00f6chten, sind wir Ihnen gerne behilflich. Unser Experten wird Ihnen zur Verf\u00fcgung stehen, um Ihren Aufenthalt zu organisieren.<\/p><\/div>\n\t\t\t\t<\/div>\n\t\t\t\t\t\t\t<div class=\"elementor-accordion-item\">\n\t\t\t\t\t<div id=\"elementor-tab-title-6806\" class=\"elementor-tab-title\" data-tab=\"6\" role=\"button\" aria-controls=\"elementor-tab-content-6806\" aria-expanded=\"false\">\n\t\t\t\t\t\t\t\t\t\t\t\t\t<span class=\"elementor-accordion-icon elementor-accordion-icon-left\" aria-hidden=\"true\">\n\t\t\t\t\t\t\t\t\t\t\t\t\t\t\t<span class=\"elementor-accordion-icon-closed\"><i class=\"fas fa-plus\"><\/i><\/span>\n\t\t\t\t\t\t\t\t<span class=\"elementor-accordion-icon-opened\"><i class=\"fas fa-minus\"><\/i><\/span>\n\t\t\t\t\t\t\t\t\t\t\t\t\t\t<\/span>\n\t\t\t\t\t\t\t\t\t\t\t\t<a class=\"elementor-accordion-title\" tabindex=\"0\">Kontakt \/Termine<\/a>\n\t\t\t\t\t<\/div>\n\t\t\t\t\t<div id=\"elementor-tab-content-6806\" class=\"elementor-tab-content elementor-clearfix\" data-tab=\"6\" role=\"region\" aria-labelledby=\"elementor-tab-title-6806\"><p>Sie k\u00f6nnen uns per Telefon oder \u00fcber den Messaging-Dienste Whatsapp kontaktieren.<br \/>F\u00fcr Allgemeine Anfragen: 952 22 46 90 \/ +34 673 399 123<br \/>Zahn\u00e4rztliche Konsultationen und Notfall +34 653 14 66 83<br \/>\u2013 Sie k\u00f6nnen auch Terminanfragen direkt \u00fcber unsere Website oder per E-Mail an rec@cmlamalagueta machen<br \/>\u2013 F\u00fcr alle Zahn\u00e4rztlichen Angelegenheiten steht Ihnen die @Mail Adresse:\u00a0<a href=\"mailto:info@ekidental.com\" target=\"_blank\" rel=\"noopener\">info@ekidental.com zur Verf\u00fcgung.<\/a><br \/>\u2013 Als Vertreter\/ Lieferant benutzen Sie bitte:\u00a0<a href=\"mailto:cmlamalagueta@gmail.com\" target=\"_blank\" rel=\"noopener\">cmlamalagueta@gmail.com<\/a><\/p><\/div>\n\t\t\t\t<\/div>\n\t\t\t\t\t\t\t<div class=\"elementor-accordion-item\">\n\t\t\t\t\t<div id=\"elementor-tab-title-6807\" class=\"elementor-tab-title\" data-tab=\"7\" role=\"button\" aria-controls=\"elementor-tab-content-6807\" aria-expanded=\"false\">\n\t\t\t\t\t\t\t\t\t\t\t\t\t<span class=\"elementor-accordion-icon elementor-accordion-icon-left\" aria-hidden=\"true\">\n\t\t\t\t\t\t\t\t\t\t\t\t\t\t\t<span class=\"elementor-accordion-icon-closed\"><i class=\"fas fa-plus\"><\/i><\/span>\n\t\t\t\t\t\t\t\t<span class=\"elementor-accordion-icon-opened\"><i class=\"fas fa-minus\"><\/i><\/span>\n\t\t\t\t\t\t\t\t\t\t\t\t\t\t<\/span>\n\t\t\t\t\t\t\t\t\t\t\t\t<a class=\"elementor-accordion-title\" tabindex=\"0\">Verwaltung<\/a>\n\t\t\t\t\t<\/div>\n\t\t\t\t\t<div id=\"elementor-tab-content-6807\" class=\"elementor-tab-content elementor-clearfix\" data-tab=\"7\" role=\"region\" aria-labelledby=\"elementor-tab-title-6807\"><p>F\u00fcr Administrative Angelegenheiten sind wir von Montag bis Freitag in der Zeit von 10:00 Uhr bis 16:00 Uhr telefonisch erreichbar. Gerne k\u00f6nnen Sie  k\u00f6nnen Sie uns auch per @mail: admin@cmlamalagueta.com oder per Messaging - Dienst  +34 67 33 99 123 erreichen. Diese Dienste k\u00f6nnen sie auch ausserhalb derGesch\u00e4ftszeiten nutzen.<br \/>por @-mail: <a href=\"mailto:admin@cmlamalagueta.com\" target=\"_blank\" rel=\"noopener\">admin@cmlamalagueta.com<\/a> .<\/p><\/div>\n\t\t\t\t<\/div>\n\t\t\t\t\t\t\t<div class=\"elementor-accordion-item\">\n\t\t\t\t\t<div id=\"elementor-tab-title-6808\" class=\"elementor-tab-title\" data-tab=\"8\" role=\"button\" aria-controls=\"elementor-tab-content-6808\" aria-expanded=\"false\">\n\t\t\t\t\t\t\t\t\t\t\t\t\t<span class=\"elementor-accordion-icon elementor-accordion-icon-left\" aria-hidden=\"true\">\n\t\t\t\t\t\t\t\t\t\t\t\t\t\t\t<span class=\"elementor-accordion-icon-closed\"><i class=\"fas fa-plus\"><\/i><\/span>\n\t\t\t\t\t\t\t\t<span class=\"elementor-accordion-icon-opened\"><i class=\"fas fa-minus\"><\/i><\/span>\n\t\t\t\t\t\t\t\t\t\t\t\t\t\t<\/span>\n\t\t\t\t\t\t\t\t\t\t\t\t<a class=\"elementor-accordion-title\" tabindex=\"0\">Impressum<\/a>\n\t\t\t\t\t<\/div>\n\t\t\t\t\t<div id=\"elementor-tab-content-6808\" class=\"elementor-tab-content elementor-clearfix\" data-tab=\"8\" role=\"region\" aria-labelledby=\"elementor-tab-title-6808\"><p>Die Inhalte, Daten, Grafiken, Logos, Fotos und Texte sind gesch\u00fctzt (Copyright)<br \/>durch das Urheberrecht. Die Vervielf\u00e4ltigung oder Verwendung der gleichen<br \/>\u00fcber andere elektronische oder gedruckte Medien oder in welcher Form auch immer, sind ohne entsprechende Zustimmung untersagt.<br \/>Die Vervielf\u00e4ltigung oder Verwendung in anderen Publikationen und Medien<br \/>in elektronischer oder gedruckter Form, in welcher Form auch immer, ist ohne ausdr\u00fcckliche Genehmigung nicht gestattet.<br \/>\u00a9 2023 by Centro M\u00e9dico La Malagueta<\/p><\/div>\n\t\t\t\t<\/div>\n\t\t\t\t\t\t\t<div class=\"elementor-accordion-item\">\n\t\t\t\t\t<div id=\"elementor-tab-title-6809\" class=\"elementor-tab-title\" data-tab=\"9\" role=\"button\" aria-controls=\"elementor-tab-content-6809\" aria-expanded=\"false\">\n\t\t\t\t\t\t\t\t\t\t\t\t\t<span class=\"elementor-accordion-icon elementor-accordion-icon-left\" aria-hidden=\"true\">\n\t\t\t\t\t\t\t\t\t\t\t\t\t\t\t<span class=\"elementor-accordion-icon-closed\"><i class=\"fas fa-plus\"><\/i><\/span>\n\t\t\t\t\t\t\t\t<span class=\"elementor-accordion-icon-opened\"><i class=\"fas fa-minus\"><\/i><\/span>\n\t\t\t\t\t\t\t\t\t\t\t\t\t\t<\/span>\n\t\t\t\t\t\t\t\t\t\t\t\t<a class=\"elementor-accordion-title\" tabindex=\"0\">Haftungshinweis<\/a>\n\t\t\t\t\t<\/div>\n\t\t\t\t\t<div id=\"elementor-tab-content-6809\" class=\"elementor-tab-content elementor-clearfix\" data-tab=\"9\" role=\"region\" aria-labelledby=\"elementor-tab-title-6809\"><p>Das Centro M\u00e9dico La Malagueta \u00fcbernimmt keine Verantwortung f\u00fcr die Inhalte<br \/>andere Web-Seiten (Link). Wir haben keine Kontrolle \u00fcber<br \/>die Inhalte dieser Webseiten und daher k\u00f6nnen wir keine Garantie der<br \/>Richtigkeit, Rechtm\u00e4\u00dfigkeit, Integrit\u00e4t und Verf\u00fcgbarkeit von<br \/>externe Inhalte geben. Externe Autoren die mit Ihren Inhalten \u00fcber unsere Webseite verkn\u00fcpft sind f\u00fcr diese selbst verantwortlich.<br \/>responsables del mismo.<\/p><\/div>\n\t\t\t\t<\/div>\n\t\t\t\t\t\t\t\t\t\t<script type=\"application\/ld+json\">{\"@context\":\"https:\\\/\\\/schema.org\",\"@type\":\"FAQPage\",\"mainEntity\":[{\"@type\":\"Question\",\"name\":\"\\u00bfD\\u00f3nde puede encontrarnos?\",\"acceptedAnswer\":{\"@type\":\"Answer\",\"text\":\"<p style=\\\"margin-bottom: 20px; text-align: justify; font-style: normal; font-variant-caps: normal; font-stretch: normal; font-size: 18px; line-height: normal; font-family: Helvetica; font-size-adjust: none; font-kerning: auto; font-variant-alternates: normal; font-variant-ligatures: normal; font-variant-numeric: normal; font-variant-east-asian: normal; font-variant-position: normal; font-variant-emoji: normal; font-feature-settings: normal; font-optical-sizing: auto; font-variation-settings: normal; color: rgb(51, 55, 59); background-color: rgb(245, 245, 245);\\\">El Centro M\\u00e9dico La Malagueta, ubicado en el Barrio La Malagueta en la Calle Faro N\\u00ba 2, es f\\u00e1cilmente accesible en coche, autob\\u00fas o a pie. Para quienes llegan en veh\\u00edculo propio, hay dos grandes aparcamientos p\\u00fablicos en M\\u00e1laga, el Parking Muelle Uno en el Puerto de M\\u00e1laga y el Parking Cervantes, situado junto a la Plaza de Toros de La Malagueta, ambos a solo 5 minutos a pie de nuestra cl\\u00ednica. Adem\\u00e1s, en los alrededores de la consulta hay opciones de aparcamiento en zona azul, ideales para estancias cortas.<\\\/p><div><br><\\\/div>\\n<div>&nbsp;<\\\/div>\"}},{\"@type\":\"Question\",\"name\":\"\\u00bfQu\\u00e9 hago si tengo miedo al dentista \\\/ m\\u00e9dicos?\",\"acceptedAnswer\":{\"@type\":\"Answer\",\"text\":\"<p>Le ayudamos a combatir su miedo al dentista\\u00bfEs usted uno de esos pacientes que<br \\\/>tienen miedo a los m\\u00e9dicos? hoy en d\\u00eda hay muchas formas de combatir nuestros<br \\\/>miedos. Nuestro equipo puede ayudarle. Ejercicios de relajaci\\u00f3n, tranquilizantes e<br \\\/>hipnosis m\\u00e9dica: todas ellas son formas de ganar confianza en el m\\u00e9dico\\\/dentista y de<br \\\/>reanimarse para la visita.<\\\/p><p>\\u00a0<\\\/p>\"}},{\"@type\":\"Question\",\"name\":\"\\u00bfEn qu\\u00e9 idioma recibir\\u00e9 mi factura?\",\"acceptedAnswer\":{\"@type\":\"Answer\",\"text\":\"<div>Recibir\\u00e1s las facturas en espa\\u00f1ol. Bajo petici\\u00f3n en alem\\u00e1n o ingl\\u00e9s tambi\\u00e9n.<\\\/div>\"}},{\"@type\":\"Question\",\"name\":\"\\u00bfEn qu\\u00e9 idioma puedo comunicarme?\",\"acceptedAnswer\":{\"@type\":\"Answer\",\"text\":\"<p>En nuestro equipo se habla alem\\u00e1n, espa\\u00f1ol e ingl\\u00e9s<\\\/p>\"}},{\"@type\":\"Question\",\"name\":\"\\u00bfMe ayud\\u00e1is si vengo de fuera de M\\u00e1laga o de Espa\\u00f1a?\",\"acceptedAnswer\":{\"@type\":\"Answer\",\"text\":\"<p>Si desea alquilar un coche o un apartamento durante su estancia estaremos encantados de ayudarle. Nuestro experto estara\\u0301 a su disposicion en organizar su estancia.<\\\/p>\"}},{\"@type\":\"Question\",\"name\":\"Contacto \\\/ Citas\",\"acceptedAnswer\":{\"@type\":\"Answer\",\"text\":\"<p>Puede ponerse en contacto con nosotros por tel\\u00e9fono o a trav\\u00e9s de servicios de mensajer\\u00eda como Whatsapp<br \\\/>Consultas generales: 952 22 46 90 \\\/ 673 399 123<br \\\/>Consultas y urgencias dentales 653 14 66 83<br \\\/>&#8211; Puedes reservar cita directamente a trav\\u00e9s de nuestra web o por email a rec@cmlamalagueta<br \\\/>&#8211; Para asuntos dentales utilice\\u00a0<a href=\\\"mailto:info@ekidental.com\\\" target=\\\"_blank\\\" rel=\\\"noopener\\\">info@ekidental.com<\\\/a><br \\\/>&#8211; Como representante\\\/proveedor utilice\\u00a0<a href=\\\"mailto:cmlamalagueta@gmail.com\\\" target=\\\"_blank\\\" rel=\\\"noopener\\\">cmlamalagueta@gmail.com<\\\/a><\\\/p>\"}},{\"@type\":\"Question\",\"name\":\"Administraci\\u00f3n\",\"acceptedAnswer\":{\"@type\":\"Answer\",\"text\":\"<p>Asuntos administrativos de lunes a viernes por tel\\u00e9fono 09:00 &#8211; 16:00. Fuera de este horario<br \\\/>por @-mail: <a href=\\\"mailto:admin@cmlamalagueta.com\\\" target=\\\"_blank\\\" rel=\\\"noopener\\\">admin@cmlamalagueta.com<\\\/a> .<\\\/p>\"}},{\"@type\":\"Question\",\"name\":\"Aviso legal\",\"acceptedAnswer\":{\"@type\":\"Answer\",\"text\":\"<p>El contenido, datos, gr\\u00e1ficos, logotipos, fotos y textos est\\u00e1n protegidos<br \\\/>por los derechos de autor. La reproducci\\u00f3n o uso de los mismos a<br \\\/>trav\\u00e9s de otros medios electr\\u00f3nicos o de modo impreso o cualquier forma, quedan prohibidos sin el correspondiente acuerdo.<br \\\/>La reproducci\\u00f3n o utilizaci\\u00f3n en otras publicaciones y medios<br \\\/>electr\\u00f3nicos o impresos en cualquier forma, no est\\u00e1 permitido sin autorizaci\\u00f3n expresa<br \\\/>\\u00a9 2023 by Centro M\\u00e9dico La Malagueta<\\\/p>\"}},{\"@type\":\"Question\",\"name\":\"Aviso de responsabilidad\",\"acceptedAnswer\":{\"@type\":\"Answer\",\"text\":\"<p>El Centro M\\u00e9dico no asume ninguna responsabilidad por el contenido<br \\\/>de otras paginas web (link). No tenemos ning\\u00fan control sobre el<br \\\/>contenido de estos sitios y por lo tanto no podemos proporcionar una<br \\\/>garant\\u00eda de la exactitud, legalidad, integridad o disponibilidad de<br \\\/>contenido externo. Los autores del contenido externo enlazado son los<br \\\/>responsables del mismo.<\\\/p>\"}}]}<\/script>\n\t\t\t\t\t<\/div>\n\t\t\t\t\t\t<\/div>\n\t\t\t\t<\/div>\n\t\t\t\t\t<\/div>\n\t\t<\/div>\n\t\t\t\t\t<\/div>\n\t\t<\/section>\n\t\t\t\t<section class=\"elementor-section elementor-top-section elementor-element elementor-element-16f2a2f elementor-section-boxed elementor-section-height-default elementor-section-height-default wd-section-disabled\" data-id=\"16f2a2f\" data-element_type=\"section\" data-e-type=\"section\">\n\t\t\t\t\t\t<div class=\"elementor-container elementor-column-gap-default\">\n\t\t\t\t\t<div class=\"elementor-column elementor-col-100 elementor-top-column elementor-element elementor-element-aabdd59\" data-id=\"aabdd59\" data-element_type=\"column\" data-e-type=\"column\">\n\t\t\t<div class=\"elementor-widget-wrap elementor-element-populated\">\n\t\t\t\t\t\t<div class=\"elementor-element elementor-element-93a3d67 elementor-widget elementor-widget-wd_text_block\" data-id=\"93a3d67\" data-element_type=\"widget\" data-e-type=\"widget\" data-widget_type=\"wd_text_block.default\">\n\t\t\t\t<div class=\"elementor-widget-container\">\n\t\t\t\t\t\t\t\t<link rel=\"stylesheet\" id=\"wd-text-block-css\" href=\"https:\/\/cmlamalagueta.com\/wp-content\/themes\/woodmart\/css\/parts\/el-text-block.min.css?ver=7.3.4\" type=\"text\/css\" media=\"all\" \/> \t\t\t\t\t<div class=\"wd-text-block reset-last-child text-left\">\n\t\t\t\n\t\t\t<h1 style=\"margin-bottom: 12px; font-style: normal; font-variant-caps: normal; font-width: normal; font-size: 16px; line-height: normal; font-family: 'Times New Roman'; font-size-adjust: none; font-kerning: auto; font-variant-alternates: normal; font-variant-ligatures: normal; font-variant-numeric: normal; font-variant-east-asian: normal; font-variant-position: normal; font-variant-emoji: normal; font-feature-settings: normal; font-optical-sizing: auto; font-variation-settings: normal; color: #0e121d; background-color: #ffffff;\"><strong> <span style=\"font-style: normal; font-variant-caps: normal; font-width: normal; font-size: 16px; line-height: normal; font-family: 'Helvetica Neue'; font-size-adjust: none; font-kerning: auto; font-variant-alternates: normal; font-variant-ligatures: normal; font-variant-numeric: normal; font-variant-east-asian: normal; font-variant-position: normal; font-variant-emoji: normal; font-feature-settings: normal; font-optical-sizing: auto; font-variation-settings: normal; color: #212129;\"> <img fetchpriority=\"high\" decoding=\"async\" src=\"https:\/\/cmlamalagueta.com\/wp-content\/uploads\/2025\/07\/Unknown.png\" alt=\"\" width=\"249\" height=\"203\"><\/span><\/strong><\/h1><p style=\"margin-bottom: 12px; font-style: normal; font-variant-caps: normal; font-width: normal; font-size: 28px; line-height: normal; font-family: &quot;Times New Roman&quot;; font-size-adjust: none; font-kerning: auto; font-variant-alternates: normal; font-variant-ligatures: normal; font-variant-numeric: normal; font-variant-east-asian: normal; font-variant-position: normal; font-variant-emoji: normal; font-feature-settings: normal; font-optical-sizing: auto; font-variation-settings: normal; color: rgb(13, 15, 22); background-color: rgb(255, 255, 255);\"><b>Financiaci\u00f3n para pr\u00f3tesis dental y otros servicios odont\u00f3logicos <\/b><\/p>\n\n\t\t\t\t\t<\/div>\n\t\t\t\t\t\t<\/div>\n\t\t\t\t<\/div>\n\t\t\t\t\t<\/div>\n\t\t<\/div>\n\t\t\t\t\t<\/div>\n\t\t<\/section>\n\t\t\t\t<\/div>","protected":false},"excerpt":{"rendered":"<p>Preguntas Frecuentes \u00bfD\u00f3nde puede encontrarnos? El Centro M\u00e9dico La Malagueta, ubicado en el Barrio La Malagueta en la Calle Faro<\/p>","protected":false},"author":1,"featured_media":0,"parent":0,"menu_order":0,"comment_status":"closed","ping_status":"closed","template":"","meta":{"_joinchat":[],"footnotes":""},"class_list":["post-16148","page","type-page","status-publish","hentry"],"_links":{"self":[{"href":"https:\/\/cmlamalagueta.com\/de\/wp-json\/wp\/v2\/pages\/16148","targetHints":{"allow":["GET"]}}],"collection":[{"href":"https:\/\/cmlamalagueta.com\/de\/wp-json\/wp\/v2\/pages"}],"about":[{"href":"https:\/\/cmlamalagueta.com\/de\/wp-json\/wp\/v2\/types\/page"}],"author":[{"embeddable":true,"href":"https:\/\/cmlamalagueta.com\/de\/wp-json\/wp\/v2\/users\/1"}],"replies":[{"embeddable":true,"href":"https:\/\/cmlamalagueta.com\/de\/wp-json\/wp\/v2\/comments?post=16148"}],"version-history":[{"count":115,"href":"https:\/\/cmlamalagueta.com\/de\/wp-json\/wp\/v2\/pages\/16148\/revisions"}],"predecessor-version":[{"id":16757,"href":"https:\/\/cmlamalagueta.com\/de\/wp-json\/wp\/v2\/pages\/16148\/revisions\/16757"}],"wp:attachment":[{"href":"https:\/\/cmlamalagueta.com\/de\/wp-json\/wp\/v2\/media?parent=16148"}],"curies":[{"name":"wp","href":"https:\/\/api.w.org\/{rel}","templated":true}]}}