{"id":3,"date":"2023-07-18T08:00:37","date_gmt":"2023-07-18T08:00:37","guid":{"rendered":"https:\/\/cmlamalagueta.com\/?page_id=3"},"modified":"2025-01-28T17:46:10","modified_gmt":"2025-01-28T16:46:10","slug":"politica-de-privacidad","status":"publish","type":"page","link":"https:\/\/cmlamalagueta.com\/de\/politica-de-privacidad\/","title":{"rendered":"Datenschutzerkl\u00e4rung"},"content":{"rendered":"<div data-elementor-type=\"wp-page\" data-elementor-id=\"3\" class=\"elementor elementor-3\" data-elementor-post-type=\"page\">\n\t\t\t\t\t\t<section class=\"elementor-section elementor-top-section elementor-element elementor-element-e62490d elementor-section-boxed elementor-section-height-default elementor-section-height-default wd-section-disabled\" data-id=\"e62490d\" data-element_type=\"section\" data-e-type=\"section\">\n\t\t\t\t\t\t<div class=\"elementor-container elementor-column-gap-default\">\n\t\t\t\t\t<div class=\"elementor-column elementor-col-100 elementor-top-column elementor-element elementor-element-9ec0aef\" data-id=\"9ec0aef\" data-element_type=\"column\" data-e-type=\"column\">\n\t\t\t<div class=\"elementor-widget-wrap elementor-element-populated\">\n\t\t\t\t\t\t<div class=\"elementor-element elementor-element-da84a30 color-scheme-inherit text-left elementor-widget elementor-widget-text-editor\" data-id=\"da84a30\" data-element_type=\"widget\" data-e-type=\"widget\" data-widget_type=\"text-editor.default\">\n\t\t\t\t<div class=\"elementor-widget-container\">\n\t\t\t\t\t\t\t\t\t<h2>1. Einf\u00fchrung<\/h2><p>Willkommen auf der Webseite \n des Centro M\u00e9dico La Malagueta www.cmlamalagueta.com. Im Centro M\u00e9dico La Malagueta sch\u00e4tzen und respektieren wir Ihre Privatsph\u00e4re. Diese Datenschutzrichtlinie soll Sie dar\u00fcber informieren, wie und was wir sammeln, verwenden, teilen.  Wir sch\u00fctzen Ihre pers\u00f6nlichen Daten, wenn Sie unsere Website besuchen oder unsere Dienste nutzen. Durch den Zugriff und die Nutzung unserer Dienste erkl\u00e4ren Sie sich mit den Praktiken wie in diesen Datenschutzrichtlinien beschrieben einverstanden.<\/p><h2>2. Daten, die wir Sammeln<\/h2><h3>2.1. Pers\u00f6nliche Daten<\/h3><p>Wir erheben pers\u00f6nliche Daten, die Sie uns direkt bereitstellen, wie z.B.:<\/p><ul><li>Name: Medizinisches Zentrum, La Malagueta<\/li><li>Direcci\u00f3n: Calle Faro 2, 29016 M\u00e1laga<\/li><li>Telefon: +34 673 399 123<\/li><li>E-mail: <a href=\"mailto:admin@cmlamalagueta.com\" target=\"_new\">admin@cmlamalagueta.com<\/a><\/li><\/ul><h3>2.2. Nutzungsdaten<\/h3><p>Wir erfassen m\u00f6glicherweise auch Nutzungsdaten automatisch, sobald Sie unsere Website besuchen. Diese Daten k\u00f6nnen umfassen:<\/p><ul><li>IP-Adresse<\/li><li>Browser-Typ<\/li><li>Besuchte Seiten<\/li><li>Besuchsdauer<\/li><li>Interaktionen mit der Website<\/li><\/ul><h2>3. Nutzung Ihrer Personenbezogenen Daten<\/h2><p>Wir verwenden Ihre personenbezogenen Daten f\u00fcr folgende Zwecke:<\/p><ul><li>Um Ihnen die gew\u00fcnschten Dienstleistungen.<\/li><li>In Auftrag zu verbessern und anzupassen, Ihre Erfahrung auf unserer Website.<\/li><li>Mit Ihnen zu kommunizieren und Antworten auf Ihre Fragen oder Anfragen.<\/li><li>Um unseren gesetzlichen Verpflichtungen nachzukommen.<\/li><\/ul><h2>4. Weitergabe Ihrer Pers\u00f6nlichen Daten<\/h2><p>Wir teilen keine Ihrer pers\u00f6nlichen Daten mit Dritten, au\u00dfer in folgenden F\u00e4llen:<\/p><ul><li>Wenn es notwendig ist, die gew\u00fcnschten Dienstleistungen zu erbringen.<\/li><li>Nur mit Ihrer ausdr\u00fccklichen Zustimmung.<\/li><li>Wenn wir rechtlich dazu verpflichtet sind.<\/li><\/ul><h2>5. Die Sicherheit Ihrer Personenbezogenen Daten<\/h2><p>Wir treffen angemessene Ma\u00dfnahmen zum Schutz Ihrer personenbezogenen Daten und bewahren diese sicher auf. Beachten Sie jedoch, dass keine \u00dcbertragung von Daten \u00fcber das Internet vollst\u00e4ndig sicher ist daher k\u00f6nnen nicht f\u00fcr eine  absolute Sicherheit Ihrer Daten garantieren.<\/p><h2>6. Ihre Rechte<\/h2><p>Sie haben Rechte auf Ihre personenbezogenen Daten - dazu z\u00e4hlen:<\/p><ul><li>Zugang zu Ihren pers\u00f6nlichen Daten.<\/li><li>Zur Korrektur oder Aktualisierung Ihrer pers\u00f6nlichen Daten.<\/li><li>Ihre personenbezogenen Daten zu l\u00f6schen.<\/li><li>Widerspruch gegen die Verarbeitung Ihrer personenbezogenen Daten.<\/li><\/ul><p>Sie k\u00f6nnen die dieses Recht jederzeit aus\u00fcben durch Kontaktaufnahme mit uns \u00fcber folgenden Daten:<\/p><p>Centro M\u00e9dico La Malagueta Direcci\u00f3n: Calle Faro 2, 29016 M\u00e1laga Tel\u00e9fono: +34 673 399 123<\/p><p><strong>7.Cambios en esta Pol\u00edtica<\/strong><\/p><p>Wir behalten uns das Recht vor, diese Datenschutzrichtlinie zu jeder Zeit zu aktualisieren oder zu \u00e4ndern. \u00c4nderungen erfolgen auf dieser Seite mit dem Datum der letzten Aktualisierung.<\/p><h2>8. Kontakt<\/h2><p>Wenn Sie Fragen oder Bedenken zu unserer Datenschutzerkl\u00e4rung haben, oder \nSie Ihrer Datenschutzrechte aus\u00fcben m\u00f6chten, z\u00f6gern Sie nicht uns \u00fcber Unsere Kontaktdaten zu kontaktieren.<\/p>\t\t\t\t\t\t\t\t<\/div>\n\t\t\t\t<\/div>\n\t\t\t\t\t<\/div>\n\t\t<\/div>\n\t\t\t\t\t<\/div>\n\t\t<\/section>\n\t\t\t\t<\/div>","protected":false},"excerpt":{"rendered":"<p>1. Introducci\u00f3n Bienvenido a www.cmlamalagueta.com; Centro M\u00e9dico La Malagueta, valoramos y respetamos tu privacidad. Esta Pol\u00edtica de Privacidad tiene como<\/p>","protected":false},"author":1,"featured_media":0,"parent":0,"menu_order":0,"comment_status":"closed","ping_status":"open","template":"","meta":{"_joinchat":[],"footnotes":""},"class_list":["post-3","page","type-page","status-publish","hentry"],"_links":{"self":[{"href":"https:\/\/cmlamalagueta.com\/de\/wp-json\/wp\/v2\/pages\/3","targetHints":{"allow":["GET"]}}],"collection":[{"href":"https:\/\/cmlamalagueta.com\/de\/wp-json\/wp\/v2\/pages"}],"about":[{"href":"https:\/\/cmlamalagueta.com\/de\/wp-json\/wp\/v2\/types\/page"}],"author":[{"embeddable":true,"href":"https:\/\/cmlamalagueta.com\/de\/wp-json\/wp\/v2\/users\/1"}],"replies":[{"embeddable":true,"href":"https:\/\/cmlamalagueta.com\/de\/wp-json\/wp\/v2\/comments?post=3"}],"version-history":[{"count":19,"href":"https:\/\/cmlamalagueta.com\/de\/wp-json\/wp\/v2\/pages\/3\/revisions"}],"predecessor-version":[{"id":16663,"href":"https:\/\/cmlamalagueta.com\/de\/wp-json\/wp\/v2\/pages\/3\/revisions\/16663"}],"wp:attachment":[{"href":"https:\/\/cmlamalagueta.com\/de\/wp-json\/wp\/v2\/media?parent=3"}],"curies":[{"name":"wp","href":"https:\/\/api.w.org\/{rel}","templated":true}]}}