{"id":15624,"date":"2023-10-03T12:19:25","date_gmt":"2023-10-03T10:19:25","guid":{"rendered":"https:\/\/cmlamalagueta.com\/?page_id=15624"},"modified":"2024-02-01T17:14:20","modified_gmt":"2024-02-01T16:14:20","slug":"terminos-y-condiciones-de-uso","status":"publish","type":"page","link":"https:\/\/cmlamalagueta.com\/en\/terminos-y-condiciones-de-uso\/","title":{"rendered":"Terms and Conditions of Use"},"content":{"rendered":"<div data-elementor-type=\"wp-page\" data-elementor-id=\"15624\" class=\"elementor elementor-15624\" data-elementor-post-type=\"page\">\n\t\t\t\t\t\t<section class=\"elementor-section elementor-top-section elementor-element elementor-element-f068c35 elementor-section-boxed elementor-section-height-default elementor-section-height-default wd-section-disabled\" data-id=\"f068c35\" data-element_type=\"section\" data-e-type=\"section\">\n\t\t\t\t\t\t<div class=\"elementor-container elementor-column-gap-default\">\n\t\t\t\t\t<div class=\"elementor-column elementor-col-100 elementor-top-column elementor-element elementor-element-1a9ab61\" data-id=\"1a9ab61\" data-element_type=\"column\" data-e-type=\"column\">\n\t\t\t<div class=\"elementor-widget-wrap elementor-element-populated\">\n\t\t\t\t\t\t<div class=\"elementor-element elementor-element-94362d0 color-scheme-inherit text-left elementor-widget elementor-widget-text-editor\" data-id=\"94362d0\" data-element_type=\"widget\" data-e-type=\"widget\" data-widget_type=\"text-editor.default\">\n\t\t\t\t<div class=\"elementor-widget-container\">\n\t\t\t\t\t\t\t\t\t<h2>1. Introduction<\/h2><p>Bienvenido a www.cmlamalagueta.com; Centro M\u00e9dico la Malagueta Al acceder y utilizar nuestros servicios, aceptas cumplir y estar sujeto a estos T\u00e9rminos y Condiciones de Uso. Si no est\u00e1s de acuerdo con estos t\u00e9rminos, por favor, no utilices nuestro sitio web.<\/p><h2>2. Appropriate Use<\/h2><p>You agree to use our webpage in a legal and ethical manner. You should not perform the following actions, among others:<\/p><ul><li>Perform illegal activities or promote it.<\/li><li>Make an improper use or abuse of our webpage.<\/li><li>Violate the intellectual property rights of third parties.<\/li><li>Publish content that is defamatory, offensive, or harmful.<\/li><li>Attempt to access restricted areas without authorization.<\/li><\/ul><h2>3. Intellectual Property<\/h2><p>Our webpage and its content, including texts, images, logos, and software, are protected by intellectual property rights (copyright). You do not have permission to use, reproduce, or distribute our content without our explicit consent.<\/p><h2>4. Changes to the Terms<\/h2><p>We reserve the right to update or modify these Terms and Conditions of Use at any time. The changes enter into force as soon as they are posted on this page.<\/p><h2>5. Limitation of Liability<\/h2><p>We can not guarantee the continuous availability and uninterrupted access to our webpage. We are not responsible for any damages that may arise due to use of our webpage or the impossibility of using it.<\/p><h2>6. Applicable Law<\/h2><p>These Terms and Conditions of Use are governed by the laws of Spain.<\/p><h2>7. Contact<\/h2><p>If you have any questions or concerns about these Terms and Conditions of Use, please do not hesitate to contact us through the following data:<\/p><p><strong>Medical Center, La Malagueta.<\/strong><\/p><p><strong>Address:<\/strong> Calle Faro 2, 29016 M\u00e1laga.<\/p><p><strong>Phone:<\/strong> +34 673 399 123.<\/p><p class=\" translation-block\"><strong>Correo electr\u00f3nico:<\/strong> <a href=\"mailto:admin@cmlamalagueta.com\" target=\"_new\">admin@cmlamalagueta.com<\/a><\/p>\t\t\t\t\t\t\t\t<\/div>\n\t\t\t\t<\/div>\n\t\t\t\t\t<\/div>\n\t\t<\/div>\n\t\t\t\t\t<\/div>\n\t\t<\/section>\n\t\t\t\t<\/div>","protected":false},"excerpt":{"rendered":"<p>1. Introducci\u00f3n Bienvenido a www.cmlamalagueta.com; Centro M\u00e9dico la Malagueta Al acceder y utilizar nuestros servicios, aceptas cumplir y estar sujeto<\/p>","protected":false},"author":1,"featured_media":0,"parent":0,"menu_order":0,"comment_status":"closed","ping_status":"closed","template":"","meta":{"_joinchat":[],"footnotes":""},"class_list":["post-15624","page","type-page","status-publish","hentry"],"_links":{"self":[{"href":"https:\/\/cmlamalagueta.com\/en\/wp-json\/wp\/v2\/pages\/15624","targetHints":{"allow":["GET"]}}],"collection":[{"href":"https:\/\/cmlamalagueta.com\/en\/wp-json\/wp\/v2\/pages"}],"about":[{"href":"https:\/\/cmlamalagueta.com\/en\/wp-json\/wp\/v2\/types\/page"}],"author":[{"embeddable":true,"href":"https:\/\/cmlamalagueta.com\/en\/wp-json\/wp\/v2\/users\/1"}],"replies":[{"embeddable":true,"href":"https:\/\/cmlamalagueta.com\/en\/wp-json\/wp\/v2\/comments?post=15624"}],"version-history":[{"count":13,"href":"https:\/\/cmlamalagueta.com\/en\/wp-json\/wp\/v2\/pages\/15624\/revisions"}],"predecessor-version":[{"id":16368,"href":"https:\/\/cmlamalagueta.com\/en\/wp-json\/wp\/v2\/pages\/15624\/revisions\/16368"}],"wp:attachment":[{"href":"https:\/\/cmlamalagueta.com\/en\/wp-json\/wp\/v2\/media?parent=15624"}],"curies":[{"name":"wp","href":"https:\/\/api.w.org\/{rel}","templated":true}]}}