{"id":15626,"date":"2023-10-03T12:19:42","date_gmt":"2023-10-03T10:19:42","guid":{"rendered":"https:\/\/cmlamalagueta.com\/?page_id=15626"},"modified":"2024-02-01T12:02:35","modified_gmt":"2024-02-01T11:02:35","slug":"politica-de-cookies","status":"publish","type":"page","link":"https:\/\/cmlamalagueta.com\/en\/politica-de-cookies\/","title":{"rendered":"Cookie policy"},"content":{"rendered":"<div data-elementor-type=\"wp-page\" data-elementor-id=\"15626\" class=\"elementor elementor-15626\" data-elementor-post-type=\"page\">\n\t\t\t\t\t\t<section class=\"elementor-section elementor-top-section elementor-element elementor-element-2447c18 elementor-section-boxed elementor-section-height-default elementor-section-height-default wd-section-disabled\" data-id=\"2447c18\" data-element_type=\"section\" data-e-type=\"section\">\n\t\t\t\t\t\t<div class=\"elementor-container elementor-column-gap-default\">\n\t\t\t\t\t<div class=\"elementor-column elementor-col-100 elementor-top-column elementor-element elementor-element-718a82f\" data-id=\"718a82f\" data-element_type=\"column\" data-e-type=\"column\">\n\t\t\t<div class=\"elementor-widget-wrap elementor-element-populated\">\n\t\t\t\t\t\t<div class=\"elementor-element elementor-element-42e3fe8 color-scheme-inherit text-left elementor-widget elementor-widget-text-editor\" data-id=\"42e3fe8\" data-element_type=\"widget\" data-e-type=\"widget\" data-widget_type=\"text-editor.default\">\n\t\t\t\t<div class=\"elementor-widget-container\">\n\t\t\t\t\t\t\t\t\t<h2>1. Introduction<\/h2><p>This Cookie Policy explains how our webpage use cookies and similar technologies when you visit our webpage. By using our page, you agree to the use of cookies in accordance with this policy. If you do not agree with the use of the cookies, you can disable them by following the instructions below.<\/p><h2>2. What are Cookies?<\/h2><p>Cookies are small text files that are stored on your device when you visit a webpage. It is widely used for a webpage to function correctly, as well as to provide information to the owners of the page.<\/p><h2>3. Types of Cookies Used<\/h2><h3>3.1. Essential Cookies<\/h3><p>These cookies are necessary for the basic functioning of our webpage. Allow us to provide the services you request, such as browsing the page and access to secure areas of the webpage. Without these cookies, our webpage would not work properly.<\/p><h3>3.2. Performance Cookies<\/h3><p>These cookies help us to understand how visitors interact with our webpage, gathering information about the pages that you visit most often, and the errors that may occur. We use this information in order to improve the user experience of our webpage.<\/p><h3>3.3. Functionality Cookies<\/h3><p>These cookies allow our webpage to remember choices you make such as your user name, language or region, and to provide a more personalized experience. Can also be used to provide services you've asked for such as watching a video or commenting on a blog.<\/p><h3>3.4. Advertising Cookies<\/h3><p>These cookies are used to serve you with advertisements relevant to you and your interests. They are also used to limit the number of times that you see an advertisement and to measure the effectiveness of the advertising campaign. These cookies are usually placed by third-party advertising networks.<\/p><h2>4. How to Manage Cookies<\/h2><p>You can control and manage cookies in various ways. Please note that disabling cookies may affect your experience on our website. Here are some options:<\/p><ul><li><p><strong>Browser settings<\/strong>: You can adjust the settings of your browser to block or delete cookies. Check the help section of your browser for instructions on how to do this.<\/p><\/li><li><p><strong>Privacy tools<\/strong>: You can use tools such as third party's privacy, such as <a href=\"http:\/\/www.youronlinechoices.com\/\" target=\"_new\">YourOnlineChoices<\/a>to manage the cookies used for online advertising.<\/p><\/li><\/ul><h2>5. Changes to this Policy<\/h2><p>We reserve the right to update or modify this Cookie Policy at any time. Any changes will be posted on this page with the date of the last update.<\/p><h2>6. Contact<\/h2><p>If you have any questions or concerns about our Cookie Policy, or you wish to exercise your privacy rights, please do not hesitate to contact us through the following data:<\/p><p><strong>Medical Center, La Malagueta.<\/strong><\/p><p><strong>Address:<\/strong> Calle Faro 2, 29016 M\u00e1laga.<\/p><p><strong>Phone:<\/strong> +34 673 399 123.<\/p><p class=\" translation-block\"><strong>Correo electr\u00f3nico:<\/strong> <a href=\"mailto:admin@cmlamalagueta.com\" target=\"_new\">admin@cmlamalagueta.com<\/a><\/p>\t\t\t\t\t\t\t\t<\/div>\n\t\t\t\t<\/div>\n\t\t\t\t\t<\/div>\n\t\t<\/div>\n\t\t\t\t\t<\/div>\n\t\t<\/section>\n\t\t\t\t<\/div>","protected":false},"excerpt":{"rendered":"<p>1. Introducci\u00f3n Esta Pol\u00edtica de Cookies explica c\u00f3mo www.cmlamalagueta.com &#8211;\u00a0 el Centro M\u00e9dico La Malagueta utiliza cookies y tecnolog\u00edas similares<\/p>","protected":false},"author":1,"featured_media":0,"parent":0,"menu_order":0,"comment_status":"closed","ping_status":"closed","template":"","meta":{"_joinchat":[],"footnotes":""},"class_list":["post-15626","page","type-page","status-publish","hentry"],"_links":{"self":[{"href":"https:\/\/cmlamalagueta.com\/en\/wp-json\/wp\/v2\/pages\/15626","targetHints":{"allow":["GET"]}}],"collection":[{"href":"https:\/\/cmlamalagueta.com\/en\/wp-json\/wp\/v2\/pages"}],"about":[{"href":"https:\/\/cmlamalagueta.com\/en\/wp-json\/wp\/v2\/types\/page"}],"author":[{"embeddable":true,"href":"https:\/\/cmlamalagueta.com\/en\/wp-json\/wp\/v2\/users\/1"}],"replies":[{"embeddable":true,"href":"https:\/\/cmlamalagueta.com\/en\/wp-json\/wp\/v2\/comments?post=15626"}],"version-history":[{"count":16,"href":"https:\/\/cmlamalagueta.com\/en\/wp-json\/wp\/v2\/pages\/15626\/revisions"}],"predecessor-version":[{"id":16359,"href":"https:\/\/cmlamalagueta.com\/en\/wp-json\/wp\/v2\/pages\/15626\/revisions\/16359"}],"wp:attachment":[{"href":"https:\/\/cmlamalagueta.com\/en\/wp-json\/wp\/v2\/media?parent=15626"}],"curies":[{"name":"wp","href":"https:\/\/api.w.org\/{rel}","templated":true}]}}