{"id":16126,"date":"2023-11-27T11:01:45","date_gmt":"2023-11-27T10:01:45","guid":{"rendered":"https:\/\/cmlamalagueta.com\/?page_id=16126"},"modified":"2024-02-07T17:38:19","modified_gmt":"2024-02-07T16:38:19","slug":"quienes-somos","status":"publish","type":"page","link":"https:\/\/cmlamalagueta.com\/en\/quienes-somos\/","title":{"rendered":"Who We Are"},"content":{"rendered":"<div data-elementor-type=\"wp-page\" data-elementor-id=\"16126\" class=\"elementor elementor-16126\" data-elementor-post-type=\"page\">\n\t\t\t\t\t\t<section class=\"elementor-section elementor-top-section elementor-element elementor-element-85df543 elementor-section-boxed elementor-section-height-default elementor-section-height-default wd-section-disabled\" data-id=\"85df543\" data-element_type=\"section\" data-e-type=\"section\">\n\t\t\t\t\t\t<div class=\"elementor-container elementor-column-gap-default\">\n\t\t\t\t\t<div class=\"elementor-column elementor-col-50 elementor-top-column elementor-element elementor-element-559bf94\" data-id=\"559bf94\" data-element_type=\"column\" data-e-type=\"column\">\n\t\t\t<div class=\"elementor-widget-wrap elementor-element-populated\">\n\t\t\t\t\t\t<div class=\"elementor-element elementor-element-6c1a726 elementor-widget elementor-widget-image\" data-id=\"6c1a726\" data-element_type=\"widget\" data-e-type=\"widget\" data-widget_type=\"image.default\">\n\t\t\t\t<div class=\"elementor-widget-container\">\n\t\t\t\t\t\t\t\t\t\t\t\t\t\t\t<img fetchpriority=\"high\" decoding=\"async\" width=\"400\" height=\"300\" src=\"https:\/\/cmlamalagueta.com\/wp-content\/themes\/woodmart\/images\/lazy.png\" class=\"attachment-full size-full wp-image-16075 wd-lazy-load wd-lazy-fade\" alt=\"Karin\" data-wood-src=\"https:\/\/cmlamalagueta.com\/wp-content\/uploads\/2023\/11\/Karin.webp\" srcset=\"\" \/>\t\t\t\t\t\t\t\t\t\t\t\t\t\t\t<\/div>\n\t\t\t\t<\/div>\n\t\t\t\t\t<\/div>\n\t\t<\/div>\n\t\t\t\t<div class=\"elementor-column elementor-col-50 elementor-top-column elementor-element elementor-element-dfa5209\" data-id=\"dfa5209\" data-element_type=\"column\" data-e-type=\"column\">\n\t\t\t<div class=\"elementor-widget-wrap elementor-element-populated\">\n\t\t\t\t\t\t<div class=\"elementor-element elementor-element-22496b0 color-scheme-inherit text-left elementor-widget elementor-widget-text-editor\" data-id=\"22496b0\" data-element_type=\"widget\" data-e-type=\"widget\" data-widget_type=\"text-editor.default\">\n\t\t\t\t<div class=\"elementor-widget-container\">\n\t\t\t\t\t\t\t\t\t<p>Welcome to our Medical Center La Malagueta!<\/p><p>We are a reference medical center in the city of M\u00e1laga, founded and directed by Karin Roth - Pfitzenmaier and Dr. Ekkehard Pfitzenmaier. With a track record of excellence in health care, we are proud to offer a wide range of medical specialities to meet the needs of our patients.<\/p><p>In our Medical Center La Malagueta we understand that each person is unique and requires individualized care. That is why we have a team of highly qualified professionals in various medical areas, who work collaboratively to provide a holistic and multidisciplinary labor.<\/p><p>Our main goal is to provide quality medical service, focused on the welfare and comfort of our patients. We strive to establish a relationship of trust and empathy where each patient feels heard and understood.<\/p>\t\t\t\t\t\t\t\t<\/div>\n\t\t\t\t<\/div>\n\t\t\t\t\t<\/div>\n\t\t<\/div>\n\t\t\t\t\t<\/div>\n\t\t<\/section>\n\t\t\t\t<section class=\"elementor-section elementor-top-section elementor-element elementor-element-0793ca2 elementor-section-boxed elementor-section-height-default elementor-section-height-default wd-section-disabled\" data-id=\"0793ca2\" data-element_type=\"section\" data-e-type=\"section\">\n\t\t\t\t\t\t<div class=\"elementor-container elementor-column-gap-default\">\n\t\t\t\t\t<div class=\"elementor-column elementor-col-100 elementor-top-column elementor-element elementor-element-fb4ef73\" data-id=\"fb4ef73\" data-element_type=\"column\" data-e-type=\"column\">\n\t\t\t<div class=\"elementor-widget-wrap elementor-element-populated\">\n\t\t\t\t\t\t<div class=\"elementor-element elementor-element-e9f01f3 color-scheme-inherit text-left elementor-widget elementor-widget-text-editor\" data-id=\"e9f01f3\" data-element_type=\"widget\" data-e-type=\"widget\" data-widget_type=\"text-editor.default\">\n\t\t\t\t<div class=\"elementor-widget-container\">\n\t\t\t\t\t\t\t\t\t<p>In our facilities we have a cutting-edge technology and a medical equipment of latest generation which allows us to make accurate diagnoses and provide effective treatments. In addition, we collaborate closely with other centres of reference and specialists, ensuring comprehensive care.<\/p><p>Our specialties range from general medicine and dentistry, to specialties more specific such as psychology, physical therapy, podology, orthodontics and many more. Whatever your medical need maybe we are here to help you.<\/p><p>In our Medical Center La Malagueta we are proud of being part of the healthcare of our community. We are committed to providing a professional service, personalized always looking for the best solution for each patient.<\/p><p>We invite you to know us and trust us for your and your family\u00b4s well being !<\/p>\t\t\t\t\t\t\t\t<\/div>\n\t\t\t\t<\/div>\n\t\t\t\t\t<\/div>\n\t\t<\/div>\n\t\t\t\t\t<\/div>\n\t\t<\/section>\n\t\t\t\t<\/div>","protected":false},"excerpt":{"rendered":"<p>\u00a1Bienvenido al Centro M\u00e9dico La Malagueta! Somos un Centro M\u00e9dico de referencia en la ciudad de M\u00e1laga, fundado y dirigido<\/p>","protected":false},"author":1,"featured_media":0,"parent":0,"menu_order":0,"comment_status":"closed","ping_status":"closed","template":"","meta":{"_joinchat":[],"footnotes":""},"class_list":["post-16126","page","type-page","status-publish","hentry"],"_links":{"self":[{"href":"https:\/\/cmlamalagueta.com\/en\/wp-json\/wp\/v2\/pages\/16126","targetHints":{"allow":["GET"]}}],"collection":[{"href":"https:\/\/cmlamalagueta.com\/en\/wp-json\/wp\/v2\/pages"}],"about":[{"href":"https:\/\/cmlamalagueta.com\/en\/wp-json\/wp\/v2\/types\/page"}],"author":[{"embeddable":true,"href":"https:\/\/cmlamalagueta.com\/en\/wp-json\/wp\/v2\/users\/1"}],"replies":[{"embeddable":true,"href":"https:\/\/cmlamalagueta.com\/en\/wp-json\/wp\/v2\/comments?post=16126"}],"version-history":[{"count":19,"href":"https:\/\/cmlamalagueta.com\/en\/wp-json\/wp\/v2\/pages\/16126\/revisions"}],"predecessor-version":[{"id":16435,"href":"https:\/\/cmlamalagueta.com\/en\/wp-json\/wp\/v2\/pages\/16126\/revisions\/16435"}],"wp:attachment":[{"href":"https:\/\/cmlamalagueta.com\/en\/wp-json\/wp\/v2\/media?parent=16126"}],"curies":[{"name":"wp","href":"https:\/\/api.w.org\/{rel}","templated":true}]}}