{"id":16139,"date":"2023-11-27T11:10:41","date_gmt":"2023-11-27T10:10:41","guid":{"rendered":"https:\/\/cmlamalagueta.com\/?page_id=16139"},"modified":"2025-07-15T19:04:37","modified_gmt":"2025-07-15T17:04:37","slug":"laboratorio","status":"publish","type":"page","link":"https:\/\/cmlamalagueta.com\/en\/laboratorio\/","title":{"rendered":"Lab"},"content":{"rendered":"<div data-elementor-type=\"wp-page\" data-elementor-id=\"16139\" class=\"elementor elementor-16139\" data-elementor-post-type=\"page\">\n\t\t\t\t\t\t<section class=\"elementor-section elementor-top-section elementor-element elementor-element-b8aa90c elementor-section-boxed elementor-section-height-default elementor-section-height-default wd-section-disabled\" data-id=\"b8aa90c\" data-element_type=\"section\" data-e-type=\"section\">\n\t\t\t\t\t\t<div class=\"elementor-container elementor-column-gap-default\">\n\t\t\t\t\t<div class=\"elementor-column elementor-col-100 elementor-top-column elementor-element elementor-element-7e824e4\" data-id=\"7e824e4\" data-element_type=\"column\" data-e-type=\"column\">\n\t\t\t<div class=\"elementor-widget-wrap elementor-element-populated\">\n\t\t\t\t\t\t<div class=\"elementor-element elementor-element-db8b152 elementor-widget elementor-widget-heading\" data-id=\"db8b152\" data-element_type=\"widget\" data-e-type=\"widget\" data-widget_type=\"heading.default\">\n\t\t\t\t<div class=\"elementor-widget-container\">\n\t\t\t\t\t<h2 class=\"elementor-heading-title elementor-size-default\"><p style=\"margin-bottom: 0px;font-style: normal;font-size: 23px;line-height: normal\"><b>General laboratory tests<\/b><b><\/b><\/p><p style=\"margin-bottom: 0px;font-style: normal;font-size: 19px;line-height: normal\">\n<\/p><p style=\"margin-bottom: 0px;font-style: normal;font-size: 21px;line-height: normal\"><span style=\"font-style: normal;font-size: 23px;line-height: normal;font-family: Helvetica\">A<\/span>mazing fast and accurate Laboratory Analyses at Centro M\u00e9dico La Malagueta<\/p><p style=\"margin-bottom: 0px;font-style: normal;font-size: 21px;line-height: normal\">\n<\/p><p style=\"margin-bottom: 0px;font-style: normal;font-size: 16px;line-height: normal;min-height: 18px\">&nbsp;&nbsp;<\/p><p style=\"margin-bottom: 0px;font-style: normal;font-size: 21px;line-height: normal\">\n<\/p><p style=\"margin-bottom: 0px;font-style: normal;font-size: 19px;line-height: normal\"><br><\/p><p style=\"margin-bottom: 0px;font-style: normal;font-size: 21px;line-height: normal\">For all types of medical tests, our partner laboratory in M\u00e1laga offers fast and reliable results. Thanks to this collaboration, we provide you with a preferential and efficient service, ensuring an accurate diagnosis and timely treatment.<\/p><p style=\"margin-bottom: 0px;font-style: normal;font-size: 19px;line-height: normal\"><br><\/p><p style=\"margin-bottom: 0px;font-style: normal;font-size: 21px;line-height: normal\">Please note that laboratory tests are only conducted from Monday to Friday, between 09:00 and 12:00 hours.<\/p><p style=\"margin-bottom: 0px;font-style: normal;font-size: 19px;line-height: normal\">\n<\/p><br><br><br><p style=\"margin-bottom: 12px;font-style: normal;font-size: 30px;line-height: normal\"><b>Modern Laboratory Diagnostics in Dentistry: Precise Analysis for Your Oral and Overall Health &nbsp;<\/b><\/p><br><p style=\"margin-bottom: 12px;font-style: normal;font-size: 23px;line-height: normal\">Why laboratory tests are essential today&nbsp;<\/p>\n<p style=\"margin-bottom: 12px;font-style: normal;font-size: 23px;line-height: normal\">At our dental clinic, we rely on scientifically sound diagnostics that go beyond simple visual examination. Modern laboratory analyses enable us to:&nbsp;<\/p>\n<p style=\"margin-bottom: 0px;font-style: normal;font-size: 23px;line-height: normal;min-height: 28px\"><br><\/p>\n<p style=\"margin-bottom: 12px;font-style: normal;font-size: 23px;line-height: normal\"><span style=\"font-style: normal;font-size: 23px;line-height: normal\">\u2705<\/span> Early detection of systemic diseases with oral symptoms<br>\n<span style=\"font-style: normal;font-size: 23px;line-height: normal\">\u2705<\/span> Specific differential diagnosis in cases of unclear inflammation or pain<br>\n<span style=\"font-style: normal;font-size: 23px;line-height: normal\">\u2705<\/span> Personalized treatments based on individual biomarkers<br>\n<span style=\"font-style: normal;font-size: 23px;line-height: normal\">\u2705<\/span> Objective monitoring of disease progression in patients with periodontitis or other chronic conditions&nbsp; &nbsp;<\/p>\n<p style=\"margin-bottom: 0px;font-style: normal;font-size: 23px;line-height: normal;min-height: 28px\"><br><\/p>\n<p style=\"margin-bottom: 12px;font-style: normal;font-size: 23px;line-height: normal\">Through dental laboratory tests, we can identify these health risks:&nbsp;<\/p>\n<p style=\"margin-bottom: 0px;font-style: normal;font-size: 23px;line-height: normal;min-height: 28px\"><br><\/p>\n<p style=\"margin-bottom: 12px;font-style: normal;font-size: 23px;line-height: normal\"><span style=\"font-style: normal;font-size: 23px;line-height: normal\">\ud83e\uddb7<\/span> <span style=\"font-style: normal;font-size: 23px;line-height: normal\">Risk of periodontitis&nbsp;<\/span> \n<span style=\"font-style: normal;font-size: 23px;line-height: normal\">\ud83e\ude78<\/span> <span style=\"font-style: normal;font-size: 23px;line-height: normal\">Early indicators of diabetes&nbsp;<\/span>\n<span style=\"font-style: normal;font-size: 23px;line-height: normal\">\u2764\ufe0f<\/span> <span style=\"font-style: normal;font-size: 23px;line-height: normal\">Cardiovascular risk&nbsp;<\/span> \n<span style=\"font-style: normal;font-size: 23px;line-height: normal\">\ud83e\uddb4<\/span> <span style=\"font-style: normal;font-size: 23px;line-height: normal\">Signs of osteoporosis&nbsp;<\/span> \n<span style=\"font-style: normal;font-size: 23px;line-height: normal\">\u26a1<\/span> <span style=\"font-style: normal;font-size: 23px;line-height: normal\">Autoimmune diseases&nbsp;<\/span>  &nbsp;<\/p>\n<p style=\"margin-bottom: 0px;font-style: normal;font-size: 23px;line-height: normal;min-height: 28px\"><br><\/p>\n<p style=\"margin-bottom: 12px;font-style: normal;font-size: 23px;line-height: normal\">Our expert: Dr. med. dent. Ekkehard Pfitzenmaier&nbsp;<\/p>\n<p style=\"margin-bottom: 12px;font-style: normal;font-size: 23px;line-height: normal\"><span style=\"font-style: normal;font-size: 23px;line-height: normal\">Dr. Pfitzenmaier has been dedicated to the link between laboratory medicine and dentistry since his studies at Heidelberg's Ruprecht-Karls University. <\/span><span style=\"font-style: normal;font-size: 23px;line-height: normal\"><br>\n<\/span><span style=\"font-style: normal;font-size: 23px;line-height: normal\">\ud83d\udca1<\/span><span style=\"font-style: normal;font-size: 23px;line-height: normal\"> <\/span>He integrates the latest scientific advancements in immunology and microbiome analysis into daily practice. <span style=\"font-style: normal;font-size: 23px;line-height: normal\">&nbsp; &nbsp;<\/span><\/p>\n<p style=\"margin-bottom: 12px;font-style: normal;font-size: 23px;line-height: normal\"><span style=\"font-style: normal;font-size: 23px;line-height: normal\">\ud83e\uddec<\/span> What can laboratory diagnostics do in dentistry?&nbsp;<\/p>\n<p style=\"margin-bottom: 12px;font-style: normal;font-size: 23px;line-height: normal\">The oral cavity is often the first indicator of systemic diseases. With the help of modern laboratory tests, we can uncover connections such as:&nbsp;<\/p><ul><li style=\"margin-bottom: 12px;font-style: normal;font-size: 23px;line-height: normal\"><span style=\"font-style: normal;font-size: 23px;line-height: normal\">Periodontitis and heart attack risk <\/span><span style=\"background-color: #ffffff\">: The detection of inflammatory biomarkers can indicate an increased cardiovascular risk. &nbsp;<\/span><\/li><li style=\"margin-bottom: 12px;font-style: normal;font-size: 23px;line-height: normal\"><span style=\"font-style: normal;font-size: 23px;line-height: normal\">Type 2 Diabetes <\/span><span style=\"background-color: #ffffff\">: Changes in saliva can provide clues even before a clinical diagnosis. &nbsp;<\/span><\/li><li style=\"margin-bottom: 12px;font-style: normal;font-size: 23px;line-height: normal\"><span style=\"font-style: normal;font-size: 23px;line-height: normal\">Microbial dysbiosis <\/span><span style=\"background-color: #ffffff\">: A targeted analysis of the oral microbiome helps identify sources of inflammation and allows for precise antibiotic use.<\/span><\/li>\n<\/ul>\n<p style=\"margin-bottom: 12px;font-style: normal;font-size: 16px;line-height: normal\"><span style=\"font-size: 16px;font-style: normal;text-transform: var(--wd-title-transform)\">&nbsp;<\/span><br><\/p>\n\n<p style=\"margin-bottom: 0px;font-style: normal;font-size: 18px;line-height: normal\">\n<\/p>\n\n\n<\/h2>\t\t\t\t<\/div>\n\t\t\t\t<\/div>\n\t\t\t\t<div class=\"elementor-element elementor-element-1fa55f1 elementor-widget elementor-widget-wd_text_block\" data-id=\"1fa55f1\" data-element_type=\"widget\" data-e-type=\"widget\" data-widget_type=\"wd_text_block.default\">\n\t\t\t\t<div class=\"elementor-widget-container\">\n\t\t\t\t\t\t\t\t<link rel=\"stylesheet\" id=\"wd-text-block-css\" href=\"https:\/\/cmlamalagueta.com\/wp-content\/themes\/woodmart\/css\/parts\/el-text-block.min.css?ver=7.3.4\" type=\"text\/css\" media=\"all\" \/> \t\t\t\t\t<div class=\"wd-text-block reset-last-child text-left\">\n\t\t\t\n\t\t\t\n\t\t\t\t\t<\/div>\n\t\t\t\t\t\t<\/div>\n\t\t\t\t<\/div>\n\t\t\t\t\t<\/div>\n\t\t<\/div>\n\t\t\t\t\t<\/div>\n\t\t<\/section>\n\t\t\t\t<section class=\"elementor-section elementor-top-section elementor-element elementor-element-455c190 elementor-section-boxed elementor-section-height-default elementor-section-height-default wd-section-disabled\" data-id=\"455c190\" data-element_type=\"section\" data-e-type=\"section\">\n\t\t\t\t\t\t<div class=\"elementor-container elementor-column-gap-default\">\n\t\t\t\t\t<div class=\"elementor-column elementor-col-100 elementor-top-column elementor-element elementor-element-4c0a67f\" data-id=\"4c0a67f\" data-element_type=\"column\" data-e-type=\"column\">\n\t\t\t<div class=\"elementor-widget-wrap elementor-element-populated\">\n\t\t\t\t\t\t<div class=\"elementor-element elementor-element-ed1ff39 elementor-widget__width-initial elementor-widget elementor-widget-wd_images_gallery\" data-id=\"ed1ff39\" data-element_type=\"widget\" data-e-type=\"widget\" data-widget_type=\"wd_images_gallery.default\">\n\t\t\t\t<div class=\"elementor-widget-container\">\n\t\t\t\t\t\t\t\t<link rel=\"stylesheet\" id=\"wd-photoswipe-css\" href=\"https:\/\/cmlamalagueta.com\/wp-content\/themes\/woodmart\/css\/parts\/lib-photoswipe.min.css?ver=7.3.4\" type=\"text\/css\" media=\"all\" \/> \t\t\t\t\t\t<link rel=\"stylesheet\" id=\"wd-image-gallery-css\" href=\"https:\/\/cmlamalagueta.com\/wp-content\/themes\/woodmart\/css\/parts\/el-gallery.min.css?ver=7.3.4\" type=\"text\/css\" media=\"all\" \/> \t\t\t\t\t<div class=\"wd-images-gallery wd-justify-center wd-items-middle view-grid photoswipe-images\" >\n\t\t\t<div class=\"gallery-images row wd-spacing-0\">\n\t\t\t\t\t\t\t\t\t\t\t\t\t\t<div class=\"wd-gallery-item  col-lg-4 col-md-4 col-12\">\n\t\t\t\t\t\t\t\t\t\t\t\t\t<a  href=\"https:\/\/cmlamalagueta.com\/wp-content\/uploads\/2025\/07\/3b88e9c2-8b83-4512-bba9-82b312bac448.png\"data-width=\"1024\" data-height=\"1024\" data-index=\"1\" data-elementor-open-lightbox=\"no\">\n\t\t\t\t\t\t\n\t\t\t\t\t\t<img decoding=\"async\" class=\"wd-lazy-load wd-lazy-fade\" src=\"https:\/\/cmlamalagueta.com\/wp-content\/themes\/woodmart\/images\/lazy.png\" data-wood-src=\"https:\/\/cmlamalagueta.com\/wp-content\/uploads\/2025\/07\/3b88e9c2-8b83-4512-bba9-82b312bac448-800x800.png\"alt=\"3b88e9c2-8b83-4512-bba9-82b312bac448\">\n\t\t\t\t\t\t\t\t\t\t\t\t\t<\/a>\n\t\t\t\t\t\t\t\t\t\t\t<\/div>\n\t\t\t\t\t\t\t\t<\/div>\n\t\t<\/div>\n\t\t\t\t\t\t<\/div>\n\t\t\t\t<\/div>\n\t\t\t\t\t<\/div>\n\t\t<\/div>\n\t\t\t\t\t<\/div>\n\t\t<\/section>\n\t\t\t\t<\/div>","protected":false},"excerpt":{"rendered":"<p>Para nuestras Anal\u00edticas Generales An\u00e1lisis de Laboratorio R\u00e1pidos y Precisos en el Centro M\u00e9dico La Malagueta &nbsp;&nbsp; Para todo tipo<\/p>","protected":false},"author":1,"featured_media":0,"parent":0,"menu_order":0,"comment_status":"closed","ping_status":"closed","template":"","meta":{"_joinchat":[],"footnotes":""},"class_list":["post-16139","page","type-page","status-publish","hentry"],"_links":{"self":[{"href":"https:\/\/cmlamalagueta.com\/en\/wp-json\/wp\/v2\/pages\/16139","targetHints":{"allow":["GET"]}}],"collection":[{"href":"https:\/\/cmlamalagueta.com\/en\/wp-json\/wp\/v2\/pages"}],"about":[{"href":"https:\/\/cmlamalagueta.com\/en\/wp-json\/wp\/v2\/types\/page"}],"author":[{"embeddable":true,"href":"https:\/\/cmlamalagueta.com\/en\/wp-json\/wp\/v2\/users\/1"}],"replies":[{"embeddable":true,"href":"https:\/\/cmlamalagueta.com\/en\/wp-json\/wp\/v2\/comments?post=16139"}],"version-history":[{"count":49,"href":"https:\/\/cmlamalagueta.com\/en\/wp-json\/wp\/v2\/pages\/16139\/revisions"}],"predecessor-version":[{"id":16782,"href":"https:\/\/cmlamalagueta.com\/en\/wp-json\/wp\/v2\/pages\/16139\/revisions\/16782"}],"wp:attachment":[{"href":"https:\/\/cmlamalagueta.com\/en\/wp-json\/wp\/v2\/media?parent=16139"}],"curies":[{"name":"wp","href":"https:\/\/api.w.org\/{rel}","templated":true}]}}