{"id":3,"date":"2023-07-18T08:00:37","date_gmt":"2023-07-18T08:00:37","guid":{"rendered":"https:\/\/cmlamalagueta.com\/?page_id=3"},"modified":"2025-01-28T17:46:10","modified_gmt":"2025-01-28T16:46:10","slug":"politica-de-privacidad","status":"publish","type":"page","link":"https:\/\/cmlamalagueta.com\/en\/politica-de-privacidad\/","title":{"rendered":"Privacy policy"},"content":{"rendered":"<div data-elementor-type=\"wp-page\" data-elementor-id=\"3\" class=\"elementor elementor-3\" data-elementor-post-type=\"page\">\n\t\t\t\t\t\t<section class=\"elementor-section elementor-top-section elementor-element elementor-element-e62490d elementor-section-boxed elementor-section-height-default elementor-section-height-default wd-section-disabled\" data-id=\"e62490d\" data-element_type=\"section\" data-e-type=\"section\">\n\t\t\t\t\t\t<div class=\"elementor-container elementor-column-gap-default\">\n\t\t\t\t\t<div class=\"elementor-column elementor-col-100 elementor-top-column elementor-element elementor-element-9ec0aef\" data-id=\"9ec0aef\" data-element_type=\"column\" data-e-type=\"column\">\n\t\t\t<div class=\"elementor-widget-wrap elementor-element-populated\">\n\t\t\t\t\t\t<div class=\"elementor-element elementor-element-da84a30 color-scheme-inherit text-left elementor-widget elementor-widget-text-editor\" data-id=\"da84a30\" data-element_type=\"widget\" data-e-type=\"widget\" data-widget_type=\"text-editor.default\">\n\t\t\t\t<div class=\"elementor-widget-container\">\n\t\t\t\t\t\t\t\t\t<h2>1. Introduction<\/h2><p>Welcome to our webpage www.cmlamalagueta.com. In the name of Medical Center La Malagueta  we value and respect your privacy. This Privacy Policy aims to inform you about how we collect, use, share and protect your personal data when you visit our page or use our services. By accessing and using our services, you agree to the practices described in this privacy policy.<\/p><h2>2. Data we Collect<\/h2><h3>2.1. Personal Data<\/h3><p>We may collect personal data that you provide to us directly, such as: (example).<\/p><ul><li>Name: Medical Center  La Malagueta<\/li><li>Direcci\u00f3n: Calle Faro 2, 29016 M\u00e1laga<\/li><li>Phone: +34 673 399 123<\/li><li>E-mail: <a href=\"mailto:admin@cmlamalagueta.com\" target=\"_new\">admin@cmlamalagueta.com<\/a><\/li><\/ul><h3>2.2. Usage data<\/h3><p>We may also collect usage data automatically when you visit our web site. These data may include:<\/p><ul><li>IP address<\/li><li>Type of browser<\/li><li>Pages visited<\/li><li>Visit duration<\/li><li>Interactions with the webpage<\/li><\/ul><h2>3. Use of your Personal Data<\/h2><p>We use your personal data for the following purposes:<\/p><ul><li>To provide you with the requested services.<\/li><li>In order to improve and customize your experience on our webpage.<\/li><li>To communicate with you and respond to your questions or requests.<\/li><li>To comply with our legal obligations.<\/li><\/ul><h2>4. Sharing your Personal Data<\/h2><p>We do not share your personal data with third parties, except in the following cases:<\/p><ul><li>When it is necessary to provide the requested services.<\/li><li>When we have your explicit consent.<\/li><li>When we are legally compelled to do so.<\/li><\/ul><h2>5. Security of your Personal Data<\/h2><p>We take reasonable steps to protect your personal data and keep them safe. However, keep in mind that no transmission of data over the Internet is completely secure, and we cannot guarantee the absolute security of your data.<\/p><h2>6. Your Rights<\/h2><p>You have rights on your personal data, that include:<\/p><ul><li>Access to your personal data.<\/li><li>To correct or update your personal data.<\/li><li>To delete your personal data.<\/li><li>Oppose the processing of your personal data.<\/li><\/ul><p>You can exercise these rights at any time by contacting us via one of the following data:<\/p><p>Medical Center  La Malagueta: Calle Faro 2; 29016 M\u00e1laga Phone: +34 673 399 123.<\/p><p><strong>7.Cambios en esta Pol\u00edtica<\/strong><\/p><p>We reserve the right to update or modify this Privacy Policy at any time. Any changes will be posted on this page with the date of the last update.<\/p><h2>8. Contact<\/h2><p>If you have any questions or concerns about our Privacy Policy or wish to exercise your privacy rights, please do not hesitate to contact us through the contact details provided above.<\/p>\t\t\t\t\t\t\t\t<\/div>\n\t\t\t\t<\/div>\n\t\t\t\t\t<\/div>\n\t\t<\/div>\n\t\t\t\t\t<\/div>\n\t\t<\/section>\n\t\t\t\t<\/div>","protected":false},"excerpt":{"rendered":"<p>1. Introducci\u00f3n Bienvenido a www.cmlamalagueta.com; Centro M\u00e9dico La Malagueta, valoramos y respetamos tu privacidad. Esta Pol\u00edtica de Privacidad tiene como<\/p>","protected":false},"author":1,"featured_media":0,"parent":0,"menu_order":0,"comment_status":"closed","ping_status":"open","template":"","meta":{"_joinchat":[],"footnotes":""},"class_list":["post-3","page","type-page","status-publish","hentry"],"_links":{"self":[{"href":"https:\/\/cmlamalagueta.com\/en\/wp-json\/wp\/v2\/pages\/3","targetHints":{"allow":["GET"]}}],"collection":[{"href":"https:\/\/cmlamalagueta.com\/en\/wp-json\/wp\/v2\/pages"}],"about":[{"href":"https:\/\/cmlamalagueta.com\/en\/wp-json\/wp\/v2\/types\/page"}],"author":[{"embeddable":true,"href":"https:\/\/cmlamalagueta.com\/en\/wp-json\/wp\/v2\/users\/1"}],"replies":[{"embeddable":true,"href":"https:\/\/cmlamalagueta.com\/en\/wp-json\/wp\/v2\/comments?post=3"}],"version-history":[{"count":19,"href":"https:\/\/cmlamalagueta.com\/en\/wp-json\/wp\/v2\/pages\/3\/revisions"}],"predecessor-version":[{"id":16663,"href":"https:\/\/cmlamalagueta.com\/en\/wp-json\/wp\/v2\/pages\/3\/revisions\/16663"}],"wp:attachment":[{"href":"https:\/\/cmlamalagueta.com\/en\/wp-json\/wp\/v2\/media?parent=3"}],"curies":[{"name":"wp","href":"https:\/\/api.w.org\/{rel}","templated":true}]}}